{"id":1043,"date":"2024-10-02T20:28:59","date_gmt":"2024-10-02T20:28:59","guid":{"rendered":"https:\/\/www.fonderiaboa.it\/reaktionsfaehiger-rechner\/"},"modified":"2025-04-28T08:27:56","modified_gmt":"2025-04-28T08:27:56","slug":"reaktionsfaehiger-rechner","status":"publish","type":"page","link":"https:\/\/www.fonderiaboa.it\/de\/reaktionsfaehiger-rechner\/","title":{"rendered":"Reaktionsf\u00e4higer Rechner"},"content":{"rendered":"\t\t<div data-elementor-type=\"wp-page\" data-elementor-id=\"1043\" class=\"elementor elementor-1043 elementor-336\" data-elementor-post-type=\"page\">\n\t\t\t\t<div class=\"elementor-element elementor-element-0021b23 e-flex e-con-boxed e-con e-parent\" data-id=\"0021b23\" data-element_type=\"container\" data-e-type=\"container\">\n\t\t\t\t\t<div class=\"e-con-inner\">\n\t\t\t\t<div class=\"elementor-element elementor-element-5bba010 elementor-widget elementor-widget-spacer\" data-id=\"5bba010\" data-element_type=\"widget\" data-e-type=\"widget\" data-widget_type=\"spacer.default\">\n\t\t\t\t<div class=\"elementor-widget-container\">\n\t\t\t\t\t\t\t<div class=\"elementor-spacer\">\n\t\t\t<div class=\"elementor-spacer-inner\"><\/div>\n\t\t<\/div>\n\t\t\t\t\t\t<\/div>\n\t\t\t\t<\/div>\n\t\t\t\t<div class=\"elementor-element elementor-element-9778f49 elementor-widget elementor-widget-heading\" data-id=\"9778f49\" data-element_type=\"widget\" data-e-type=\"widget\" data-widget_type=\"heading.default\">\n\t\t\t\t<div class=\"elementor-widget-container\">\n\t\t\t\t\t<h2 class=\"elementor-heading-title elementor-size-default\">Gewichtskalkulator<\/h2>\t\t\t\t<\/div>\n\t\t\t\t<\/div>\n\t\t\t\t\t<\/div>\n\t\t\t\t<\/div>\n\t\t<div class=\"elementor-element elementor-element-036b4ee e-flex e-con-boxed e-con e-parent\" data-id=\"036b4ee\" data-element_type=\"container\" data-e-type=\"container\">\n\t\t\t\t\t<div class=\"e-con-inner\">\n\t\t\t\t<div class=\"elementor-element elementor-element-6fb85b3 elementor-widget elementor-widget-spacer\" data-id=\"6fb85b3\" data-element_type=\"widget\" data-e-type=\"widget\" data-widget_type=\"spacer.default\">\n\t\t\t\t<div class=\"elementor-widget-container\">\n\t\t\t\t\t\t\t<div class=\"elementor-spacer\">\n\t\t\t<div class=\"elementor-spacer-inner\"><\/div>\n\t\t<\/div>\n\t\t\t\t\t\t<\/div>\n\t\t\t\t<\/div>\n\t\t\t\t\t<\/div>\n\t\t\t\t<\/div>\n\t\t<div class=\"elementor-element elementor-element-5ad61f5 e-flex e-con-boxed e-con e-parent\" data-id=\"5ad61f5\" data-element_type=\"container\" data-e-type=\"container\">\n\t\t\t\t\t<div class=\"e-con-inner\">\n\t\t\t\t<div class=\"elementor-element elementor-element-a0b0ac7 elementor-hidden-desktop elementor-hidden-tablet elementor-widget elementor-widget-html\" data-id=\"a0b0ac7\" data-element_type=\"widget\" data-e-type=\"widget\" data-widget_type=\"html.default\">\n\t\t\t\t<div class=\"elementor-widget-container\">\n\t\t\t\t\t<div>\n\n\n\n    <meta charset=\"UTF-8\">\n    <meta name=\"viewport\" content=\"width=device-width, initial-scale=1.0\">\n    <title><\/title>\n    <style>\n        body {\n            font-family: Arial, sans-serif;\n        }\n\n        table {\n            width: 100%;\n            border-collapse: collapse;\n            margin: 20px 0;\n        }\n\n        th, td {\n            padding: 10px;\n            text-align: center;\n            border: 1px solid #ddd;\n        }\n\n        td {\n            overflow: hidden;\n            text-overflow: ellipsis;\n            white-space: nowrap;\n        }\n\n        \/* Stile per celle con input *\/\n        td input {\n            width: 100%;\n            padding: 5px;\n            box-sizing: border-box;\n            font-size: 14px;\n        }\n\n        \/* Impostazioni responsive per dispositivi mobili *\/\n        @media (max-width: 768px) {\n            table, thead, tbody, th, td, tr {\n                display: block;\n            }\n\n            thead tr {\n                display: none;\n            }\n\n            tr {\n                margin-bottom: 10px;\n                border: 1px solid #ddd;\n                padding: 10px;\n                border-radius: 5px;\n            }\n\n            td {\n                display: flex;\n                flex-direction: column; \/* Disposizione verticale per mobile *\/\n                text-align: left;\n                padding: 10px;\n                position: relative;\n                white-space: normal;\n            }\n\n            td:before {\n                content: attr(data-label);\n                font-weight: bold;\n                margin-bottom: 5px; \/* Spazio tra label e contenuto *\/\n                white-space: nowrap;\n            }\n\n            td input, td span {\n                flex: 1;\n                margin: 0;\n            }\n        }\n\n        \/* Impostazioni per schermi pi\u00f9 grandi *\/\n        @media (min-width: 769px) {\n            td[data-label=\"Variabile 1\"], td[data-label=\"Variabile 2\"] {\n                display: flex;\n                flex-direction: row; \/* Etichetta e input uno di fianco all'altro *\/\n                align-items: center;\n                text-align: left; \/* Allineamento a sinistra *\/\n                justify-content: flex-start; \/* Allinea a sinistra *\/\n                white-space: nowrap; \/* Mantiene la disposizione su una sola riga *\/\n                padding: 5px;\n                gap: 10px; \/* Spazio tra etichetta e input *\/\n            }\n\n            td[data-label=\"Variabile 1\"]::before, td[data-label=\"Variabile 2\"]::before {\n                margin-right: 10px; \/* Aggiungi margine a destra per separare etichetta e input *\/\n                flex: 0 0 auto;\n            }\n\n            td[data-label=\"Variabile 1\"] input, td[data-label=\"Variabile 2\"] input {\n                width: auto; \/* Adatta la larghezza degli input *\/\n                padding: 5px;\n            }\n\n            td input {\n                width: auto; \/* Mantieni la larghezza normale per input *\/\n            }\n\n            td {\n                display: block;\n                text-align: center; \/* Allineamento centrale *\/\n            }\n        }\n    <\/style>\n\n\n\n    <h2><\/h2>\n    <table>\n        <thead>\n            <tr>\n                <th>Formular<\/th>\n                <th>Variable 1<\/th>\n                <th>Variable 2<\/th>\n                <th>L\u00e4nge<\/th>\n                <th>Spezifisches Gewicht (Eingabe)<\/th>\n                <th>BRONZE (kg)<\/th>\n<th>MESSING (kg)<\/th>\n<th>BRALL (kg)<\/th>\n<th>Querschnitt mm\u00b2<\/th>\n                <th>Spezifisches Gewicht (Ausgabe) <\/th>\n            <\/tr>\n        <\/thead>\n        <tbody>\n            <tr>\n                <td data-label=\"Forma\">Zylinder<\/td>\n<td data-label=\"Variabile 1\">Au\u00dfen-\u00f8 (mm)<input type=\"number\" id=\"cyl_ext\" value=\"\" oninput=\"calculateCylinder()\"><\/td>\n<td data-label=\"Variabile 2\">Innen-\u00f8 (mm)<input type=\"number\" id=\"cyl_int\" value=\"\" oninput=\"calculateCylinder()\"><\/td>\n                <td data-label=\"Lunghezza (mm)\"><input type=\"number\" id=\"cyl_len\" value=\"\" oninput=\"calculateCylinder()\"><\/td>\n                <td data-label=\"P.S. SPEC. (Input) kg\/dm3\"><input type=\"number\" id=\"ps_spec_input_cyl\" oninput=\"calculateCylinder()\"><\/td>\n                <td data-label=\"BRONZO (kg)\"><span id=\"bronze_output_cyl\"><\/span><\/td>\n                <td data-label=\"OTTONE (kg)\"><span id=\"brass_output_cyl\"><\/span><\/td>\n                <td data-label=\"BRALL (kg)\"><span id=\"brall_output_cyl\"><\/span><\/td>\n                <td data-label=\"Sezione mm\u00b2\"><span id=\"section_output_cyl\"><\/span><\/td>\n                <td data-label=\"P.S. SPEC. (Output) kg\/dm3\"><span id=\"ps_spec_output_cyl\"><\/span><\/td>\n                <\/tr>\n                <tr>\n                    <td data-label=\"Forma\">Teller<\/td>\n<td data-label=\"Variabile 1\">Breite (mm)<input type=\"number\" id=\"plate_width\" value=\"\" oninput=\"calculatePlate()\">\n<\/td>\n<td data-label=\"Variabile 2\">H\u00f6he (mm)<input type=\"number\" id=\"plate_height\" value=\"\" oninput=\"calculatePlate()\">\n<\/td> \n                    <td data-label=\"Lunghezza (mm)\"><input type=\"number\" id=\"plate_len\" value=\"\" oninput=\"calculatePlate()\"><\/td>\n                    <td data-label=\"P.S. SPEC. (Input) kg\/dm3\"><input type=\"number\" id=\"ps_spec_input_plate\" oninput=\"calculatePlate()\"><\/td>\n                    <td data-label=\"BRONZO (kg)\"><span id=\"bronze_output_plate\"><\/span><\/td>\n                    <td data-label=\"OTTONE (kg)\"><span id=\"brass_output_plate\"><\/span><\/td>\n                    <td data-label=\"BRALL (kg)\"><span id=\"brall_output_plate\"><\/span><\/td>\n                    <td data-label=\"Sezione mm\u00b2\"><span id=\"section_output_plate\"><\/span><\/td>\n                    <td data-label=\"P.S. SPEC. (Output) kg\/dm3\"><span id=\"ps_spec_output_plate\"><\/span><\/td>\n                <\/tr>\n                <tr>\n                    <td data-label=\"Forma\">Sechskant<\/td>\n<td data-label=\"Variabile 1\">Schl\u00fcssel (mm)<input type=\"number\" id=\"hex_key\" value=\"\" oninput=\"calculateHex()\"><\/td>\n<td data-label=\"Variabile 2\">\u00f8 Loch (mm)<input type=\"number\" id=\"hex_hole\" value=\"\" oninput=\"calculateHex()\"><\/td>\n                    <td data-label=\"Lunghezza (mm)\"><input type=\"number\" id=\"hex_len\" value=\"\" oninput=\"calculateHex()\"><\/td>\n                    <td data-label=\"P.S. SPEC. (Input) kg\/dm3\"><input type=\"number\" id=\"ps_spec_input_hex\" oninput=\"calculateHex()\"><\/td>\n                    <td data-label=\"BRONZO (kg)\"><span id=\"bronze_output_hex\"><\/span><\/td>\n                    <td data-label=\"OTTONE (kg)\"><span id=\"brass_output_hex\"><\/span><\/td>\n                    <td data-label=\"BRALL (kg)\"><span id=\"brall_output_hex\"><\/span><\/td>\n                    <td data-label=\"Sezione mm\u00b2\"><span id=\"section_output_hex\"><\/span><\/td>\n                    <td data-label=\"P.S. SPEC. (Output) kg\/dm3\"><span id=\"ps_spec_output_hex\"><\/span><\/td>\n                <\/tr>\n                <tr>\n                    <td data-label=\"Forma\">Achteck<\/td>\n<td data-label=\"Variabile 1\">Schl\u00fcssel (mm)<input type=\"number\" id=\"oct_key\" value=\"\" oninput=\"calculateOct()\"><\/td>\n<td data-label=\"Variabile 2\">\u00f8 Loch (mm)<input type=\"number\" id=\"oct_hole\" value=\"\" oninput=\"calculateOct()\"><\/td>\n                    <td data-label=\"Lunghezza (mm)\"><input type=\"number\" id=\"oct_len\" value=\"\" oninput=\"calculateOct()\"><\/td>\n                    <td data-label=\"P.S. SPEC. (Input)\"><input type=\"number\" id=\"ps_spec_input_oct\" oninput=\"calculateOct()\"><\/td>\n                    <td data-label=\"BRONZO (kg)\"><span id=\"bronze_output_oct\"><\/span><\/td>\n                    <td data-label=\"OTTONE (kg)\"><span id=\"brass_output_oct\"><\/span><\/td>\n                    <td data-label=\"BRALL (kg)\"><span id=\"brall_output_oct\"><\/span><\/td>\n                    <td data-label=\"Sezione mm\u00b2\"><span id=\"section_output_oct\"><\/span><\/td>\n                    <td data-label=\"P.S. SPEC. (Output) kg\/dm3\"><span id=\"ps_spec_output_oct\"><\/span><\/td>\n                <\/tr>\n                <\/tbody>\n                <\/table>\n                \n                <script>\n                    function calculateCylinder() {\n                        const cyl_ext = parseFloat(document.getElementById('cyl_ext').value) || 0;\n                        const cyl_int = parseFloat(document.getElementById('cyl_int').value) || 0;\n                        const cyl_len = parseFloat(document.getElementById('cyl_len').value) || 0;\n                        const ps_spec_input = parseFloat(document.getElementById('ps_spec_input_cyl').value) || 0;\n\n                        const bronze_density = 8.9;\n                        const brass_density = 8.1;\n                        const brall_density = 7.6;\n\n                        const bronze = ((cyl_ext * cyl_ext - cyl_int * cyl_int) * 0.7854 * cyl_len * bronze_density) \/ 1000000;\n                        document.getElementById('bronze_output_cyl').textContent = bronze.toFixed(4);\n\n                        const brass = ((cyl_ext * cyl_ext - cyl_int * cyl_int) * 0.7854 * cyl_len * brass_density) \/ 1000000;\n                        document.getElementById('brass_output_cyl').textContent = brass.toFixed(4);\n\n                        const brall = ((cyl_ext * cyl_ext - cyl_int * cyl_int) * 0.7854 * cyl_len * brall_density) \/ 1000000;\n                        document.getElementById('brall_output_cyl').textContent = brall.toFixed(4);\n\n                        const section = (cyl_ext * cyl_ext - cyl_int * cyl_int) * 0.7854;\n                        document.getElementById('section_output_cyl').textContent = section.toFixed(4);\n\n                        const ps_spec_output = ((cyl_ext * cyl_ext - cyl_int * cyl_int) * 0.7854 * cyl_len * ps_spec_input) \/ 1000000;\n                        document.getElementById('ps_spec_output_cyl').textContent = ps_spec_output.toFixed(4);\n                    }\n\n                    function calculatePlate() {\n                        const plate_width = parseFloat(document.getElementById('plate_width').value) || 0;\n                        const plate_height = parseFloat(document.getElementById('plate_height').value) || 0;\n                        const plate_len = parseFloat(document.getElementById('plate_len').value) || 0;\n                        const ps_spec_input = parseFloat(document.getElementById('ps_spec_input_plate').value) || 0;\n\n                        const bronze_density = 8.9;\n                        const brass_density = 8.1;\n                        const brall_density = 7.6;\n\n                        const bronze = (plate_width * plate_height * plate_len * bronze_density) \/ 1000000;\n                        document.getElementById('bronze_output_plate').textContent = bronze.toFixed(4);\n\n                        const brass = (plate_width * plate_height * plate_len * brass_density) \/ 1000000;\n                        document.getElementById('brass_output_plate').textContent = brass.toFixed(4);\n\n                        const brall = (plate_width * plate_height * plate_len * brall_density) \/ 1000000;\n                        document.getElementById('brall_output_plate').textContent = brall.toFixed(4);\n\n                        const section = plate_width * plate_height;\n                        document.getElementById('section_output_plate').textContent = section.toFixed(4);\n\n                        const ps_spec_output = (plate_width * plate_height * plate_len * ps_spec_input) \/ 1000000;\n                        document.getElementById('ps_spec_output_plate').textContent = ps_spec_output.toFixed(4);\n                    }\n\n    function calculateHex() {\n        const hex_key = parseFloat(document.getElementById('hex_key').value) || 0;\n        const hex_hole = parseFloat(document.getElementById('hex_hole').value) || 0;\n        const hex_len = parseFloat(document.getElementById('hex_len').value) || 0;\n        const ps_spec_input = parseFloat(document.getElementById('ps_spec_input_hex').value) || 0;\n\n        const bronze_density = 8.9;\n        const brass_density = 8.1;\n        const brall_density = 7.6;\n\n        const bronze = (((hex_key \/ 2 * hex_key \/ 2 * 0.5773502 * 6) - (hex_hole * hex_hole * Math.PI \/ 4)) * hex_len * bronze_density) \/ 1000000;\n        document.getElementById('bronze_output_hex').textContent = bronze.toFixed(4);\n\n        const brass = (((hex_key \/ 2 * hex_key \/ 2 * 0.5773502 * 6) - (hex_hole * hex_hole * Math.PI \/ 4)) * hex_len * brass_density) \/ 1000000;\n        document.getElementById('brass_output_hex').textContent = brass.toFixed(4);\n\n        const brall = (((hex_key \/ 2 * hex_key \/ 2 * 0.5773502 * 6) - (hex_hole * hex_hole * Math.PI \/ 4)) * hex_len * brall_density) \/ 1000000;\n        document.getElementById('brall_output_hex').textContent = brall.toFixed(4);\n\n        const section = ((hex_key \/ 2 * hex_key \/ 2 * 0.5773502 * 6) - (hex_hole * hex_hole * Math.PI \/ 4));\n        document.getElementById('section_output_hex').textContent = section.toFixed(4);\n\n        const ps_spec_output = (((hex_key \/ 2 * hex_key \/ 2 * 0.5773502 * 6) - (hex_hole * hex_hole * Math.PI \/ 4)) * hex_len * ps_spec_input) \/ 1000000;\n        document.getElementById('ps_spec_output_hex').textContent = ps_spec_output.toFixed(4);\n    }\n\n    function calculateOct() {\n        const oct_key = parseFloat(document.getElementById('oct_key').value) || 0;\n        const oct_hole = parseFloat(document.getElementById('oct_hole').value) || 0;\n        const oct_len = parseFloat(document.getElementById('oct_len').value) || 0;\n        const ps_spec_input = parseFloat(document.getElementById('ps_spec_input_oct').value) || 0;\n\n        const bronze_density = 8.9;\n        const brass_density = 8.1;\n        const brall_density = 7.6;\n\n        const bronze = (((oct_key \/ 2 * oct_key \/ 2 * 0.4142135 * 8) - (oct_hole * oct_hole * Math.PI \/ 4)) * oct_len * bronze_density) \/ 1000000;\n        document.getElementById('bronze_output_oct').textContent = bronze.toFixed(4);\n\n        const brass = (((oct_key \/ 2 * oct_key \/ 2 * 0.4142135 * 8) - (oct_hole * oct_hole * Math.PI \/ 4)) * oct_len * brass_density) \/ 1000000;\n        document.getElementById('brass_output_oct').textContent = brass.toFixed(4);\n\n        const brall = (((oct_key \/ 2 * oct_key \/ 2 * 0.4142135 * 8) - (oct_hole * oct_hole * Math.PI \/ 4)) * oct_len * brall_density) \/ 1000000;\n        document.getElementById('brall_output_oct').textContent = brall.toFixed(4);\n\n        const section = ((oct_key \/ 2 * oct_key \/ 2 * 0.4142135 * 8) - (oct_hole * oct_hole * Math.PI \/ 4));\n        document.getElementById('section_output_oct').textContent = section.toFixed(4);\n\n        const ps_spec_output = (((oct_key \/ 2 * oct_key \/ 2 * 0.4142135 * 8) - (oct_hole * oct_hole * Math.PI \/ 4)) * oct_len * ps_spec_input) \/ 1000000;\n        document.getElementById('ps_spec_output_oct').textContent = ps_spec_output.toFixed(4);\n    }\n<\/script>\n    \n    \n    <\/div>\t\t\t\t<\/div>\n\t\t\t\t<\/div>\n\t\t\t\t\t<\/div>\n\t\t\t\t<\/div>\n\t\t<div class=\"elementor-element elementor-element-563cef1 elementor-hidden-mobile e-flex e-con-boxed e-con e-parent\" data-id=\"563cef1\" data-element_type=\"container\" data-e-type=\"container\">\n\t\t\t\t\t<div class=\"e-con-inner\">\n\t\t\t\t<div class=\"elementor-element elementor-element-d2d9a07 elementor-widget elementor-widget-text-editor\" data-id=\"d2d9a07\" data-element_type=\"widget\" data-e-type=\"widget\" data-widget_type=\"text-editor.default\">\n\t\t\t\t<div class=\"elementor-widget-container\">\n\t\t\t\t\t\t\t\t\t<p>So zeigen Sie den Rechner von einem Computer oder Tablet aus an<\/p>\n\t\t\t\t\t\t\t\t<\/div>\n\t\t\t\t<\/div>\n\t\t\t\t<div class=\"elementor-element elementor-element-8b20ca2 elementor-align-center elementor-widget elementor-widget-button\" data-id=\"8b20ca2\" data-element_type=\"widget\" data-e-type=\"widget\" data-widget_type=\"button.default\">\n\t\t\t\t<div class=\"elementor-widget-container\">\n\t\t\t\t\t\t\t\t\t<div class=\"elementor-button-wrapper\">\n\t\t\t\t\t<a class=\"elementor-button elementor-button-link elementor-size-sm elementor-animation-grow\" href=\"https:\/\/www.fonderiaboa.it\/de\/boa-rechner\/\">\n\t\t\t\t\t\t<span class=\"elementor-button-content-wrapper\">\n\t\t\t\t\t\t\t\t\t<span class=\"elementor-button-text\">Klicken Sie hier<\/span>\n\t\t\t\t\t<\/span>\n\t\t\t\t\t<\/a>\n\t\t\t\t<\/div>\n\t\t\t\t\t\t\t\t<\/div>\n\t\t\t\t<\/div>\n\t\t\t\t\t<\/div>\n\t\t\t\t<\/div>\n\t\t<div class=\"elementor-element elementor-element-1ed362e e-flex e-con-boxed e-con e-parent\" data-id=\"1ed362e\" data-element_type=\"container\" data-e-type=\"container\">\n\t\t\t\t\t<div class=\"e-con-inner\">\n\t\t\t\t<div class=\"elementor-element elementor-element-6e2ed09 elementor-widget elementor-widget-spacer\" data-id=\"6e2ed09\" data-element_type=\"widget\" data-e-type=\"widget\" data-widget_type=\"spacer.default\">\n\t\t\t\t<div class=\"elementor-widget-container\">\n\t\t\t\t\t\t\t<div class=\"elementor-spacer\">\n\t\t\t<div class=\"elementor-spacer-inner\"><\/div>\n\t\t<\/div>\n\t\t\t\t\t\t<\/div>\n\t\t\t\t<\/div>\n\t\t\t\t\t<\/div>\n\t\t\t\t<\/div>\n\t\t\t\t<\/div>\n\t\t","protected":false},"excerpt":{"rendered":"<p>Gewichtskalkulator Formular Variable 1 Variable 2 L\u00e4nge Spezifisches Gewicht (Eingabe) BRONZE (kg) MESSING (kg) BRALL (kg) Querschnitt mm\u00b2 Spezifisches Gewicht (Ausgabe) Zylinder Au\u00dfen-\u00f8 (mm) Innen-\u00f8 (mm) Teller Breite (mm) H\u00f6he (mm) Sechskant Schl\u00fcssel (mm) \u00f8 Loch (mm) Achteck Schl\u00fcssel (mm) \u00f8 Loch (mm) So zeigen Sie den Rechner von einem Computer oder Tablet aus an [&hellip;]<\/p>\n","protected":false},"author":1,"featured_media":0,"parent":0,"menu_order":0,"comment_status":"closed","ping_status":"closed","template":"","meta":{"footnotes":""},"class_list":["post-1043","page","type-page","status-publish","hentry"],"_links":{"self":[{"href":"https:\/\/www.fonderiaboa.it\/de\/wp-json\/wp\/v2\/pages\/1043","targetHints":{"allow":["GET"]}}],"collection":[{"href":"https:\/\/www.fonderiaboa.it\/de\/wp-json\/wp\/v2\/pages"}],"about":[{"href":"https:\/\/www.fonderiaboa.it\/de\/wp-json\/wp\/v2\/types\/page"}],"author":[{"embeddable":true,"href":"https:\/\/www.fonderiaboa.it\/de\/wp-json\/wp\/v2\/users\/1"}],"replies":[{"embeddable":true,"href":"https:\/\/www.fonderiaboa.it\/de\/wp-json\/wp\/v2\/comments?post=1043"}],"version-history":[{"count":20,"href":"https:\/\/www.fonderiaboa.it\/de\/wp-json\/wp\/v2\/pages\/1043\/revisions"}],"predecessor-version":[{"id":2221,"href":"https:\/\/www.fonderiaboa.it\/de\/wp-json\/wp\/v2\/pages\/1043\/revisions\/2221"}],"wp:attachment":[{"href":"https:\/\/www.fonderiaboa.it\/de\/wp-json\/wp\/v2\/media?parent=1043"}],"curies":[{"name":"wp","href":"https:\/\/api.w.org\/{rel}","templated":true}]}}