{"id":1199,"date":"2024-10-01T21:29:25","date_gmt":"2024-10-01T21:29:25","guid":{"rendered":"https:\/\/www.fonderiaboa.it\/cc483k\/"},"modified":"2025-04-28T07:54:37","modified_gmt":"2025-04-28T07:54:37","slug":"cc483k","status":"publish","type":"page","link":"https:\/\/www.fonderiaboa.it\/de\/cc483k\/","title":{"rendered":"CC483K"},"content":{"rendered":"\t\t<div data-elementor-type=\"wp-page\" data-elementor-id=\"1199\" class=\"elementor elementor-1199 elementor-236\" data-elementor-post-type=\"page\">\n\t\t\t\t<div class=\"elementor-element elementor-element-22ff20e e-flex e-con-boxed e-con e-parent\" data-id=\"22ff20e\" data-element_type=\"container\" data-e-type=\"container\">\n\t\t\t\t\t<div class=\"e-con-inner\">\n\t\t\t\t<div class=\"elementor-element elementor-element-992b292 elementor-widget elementor-widget-heading\" data-id=\"992b292\" data-element_type=\"widget\" data-e-type=\"widget\" data-widget_type=\"heading.default\">\n\t\t\t\t<div class=\"elementor-widget-container\">\n\t\t\t\t\t<h1 class=\"elementor-heading-title elementor-size-default\">CC483K<\/h1>\t\t\t\t<\/div>\n\t\t\t\t<\/div>\n\t\t\t\t<div class=\"elementor-element elementor-element-609cefe elementor-hidden-desktop elementor-invisible elementor-widget elementor-widget-heading\" data-id=\"609cefe\" data-element_type=\"widget\" data-e-type=\"widget\" data-settings=\"{&quot;_animation&quot;:&quot;fadeIn&quot;}\" data-widget_type=\"heading.default\">\n\t\t\t\t<div class=\"elementor-widget-container\">\n\t\t\t\t\t<h2 class=\"elementor-heading-title elementor-size-default\">Scrollen Sie nach rechts, um die Werte anzuzeigen.<\/h2>\t\t\t\t<\/div>\n\t\t\t\t<\/div>\n\t\t\t\t<div class=\"elementor-element elementor-element-f6b8b44 elementor-widget elementor-widget-html\" data-id=\"f6b8b44\" data-element_type=\"widget\" data-e-type=\"widget\" data-widget_type=\"html.default\">\n\t\t\t\t<div class=\"elementor-widget-container\">\n\t\t\t\t\t<!-- Tabella 1 - Analisi Chimica -->\n<style>\n  .responsive-table {\n    width: 100%;\n    overflow-x: auto;\n    display: block;\n  }\n  table {\n    border-collapse: collapse;\n    width: 100%;\n  }\n  th, td {\n    border: 1px solid black;\n    padding: 5px;\n    text-align: center;\n  }\n  @media screen and (max-width: 768px) {\n    td, th {\n      font-size: 12px;\n      padding: 3px;\n    }\n  }\n<\/style>\n<div class=\"responsive-table\">\n  <table>\n    <tr>\n      <td rowspan=\"2\">Bezugsnorm\n<strong>CC483K-GC<\/strong><br>UNI EN 1982<\/td><br><td colspan=\"13\"><strong>Chemische Analyse %<\/strong><br>Chemische Zusammensetzung<\/td>\n    <\/tr>\n    <tr>\n      <td>Sn%<\/td>\n      <td>Zn%<\/td>\n      <td>Pb%<\/td>\n      <td>Fe%<\/td>\n      <td>Ni%<\/td>\n      <td>Al%<\/td>\n      <td>P%<\/td>\n      <td>Si%<\/td>\n      <td>Mn%<\/td>\n      <td>Sb%<\/td>\n      <td>As%<\/td>\n      <td>Cu%<\/td>\n      <td>Rest<\/td>\n    <\/tr>\n    <tr>\n      <td>Min<\/td>\n      <td>11,00<\/td>\n      <td>-<\/td>\n      <td>-<\/td>\n      <td>-<\/td>\n      <td>-<\/td>\n      <td>-<\/td>\n      <td>-<\/td>\n      <td>-<\/td>\n      <td>-<\/td>\n      <td>-<\/td>\n      <td>-<\/td>\n      <td>85,00<\/td>\n      <td>-<\/td>\n    <\/tr>\n    <tr>\n      <td>Max<\/td>\n      <td>13,00<\/td>\n      <td>0,50<\/td>\n      <td>0,70<\/td>\n      <td>0,20<\/td>\n      <td>2,00<\/td>\n      <td>0,01<\/td>\n      <td>0,70<\/td>\n      <td>0,01<\/td>\n      <td>0,20<\/td>\n      <td>0,15<\/td>\n      <td>-<\/td>\n      <td>88,50<\/td>\n      <td>-<\/td>\n    <\/tr>\n  <\/table>\n<\/div>\n\n<!-- Tabella 2 - Propriet\u00e0 Meccaniche -->\n<div class=\"responsive-table\">\n  <table>\n    <tr>\n      <td rowspan=\"2\"><strong>Gie\u00dfprozess und Bezeichnung<\/strong><\/td>\n<td colspan=\"4\"><strong>Mechanische Eigenschaften<\/strong><\/td>\n    <\/tr>\n    <tr>\n      <td>Streckgrenze\nRp 0,2 N\/mm\u00b2<\/td>\n<td>Zugfestigkeit\nRm N\/mm\u00b2<\/td><br><td>Bruchdehnung<br>A%<\/td><br><td>Brinellh\u00e4rte<br>HB<\/td>\n    <\/tr>\n    <tr>\n      <td>Sandgegossen\n-GS<\/td>\n<td>140<\/td>\n<td>260<\/td>\n<td>7<\/td><br><td>80<\/td>\n    <\/tr>\n    <tr>\n      <td>Schwerkraftkokillenguss\n-GM<\/td>\n<td>150<\/td>\n<td>270<\/td>\n<td>5<\/td><br><td>80<\/td>\n    <\/tr>\n    <tr>\n      <td>Schleuderguss\n-GZ<\/td>\n<td>150<\/td>\n<td>280<\/td>\n<td>5<\/td><br><td>90<\/td>\n    <\/tr>\n    <tr>\n      <td>Strangguss\n-GC<\/td>\n<td>150<\/td>\n<td>300<\/td>\n<td>6<\/td><br><td>90<\/td>\n    <\/tr>\n  <\/table>\n<\/div>\n\n\t\t\t\t<\/div>\n\t\t\t\t<\/div>\n\t\t\t\t\t<\/div>\n\t\t\t\t<\/div>\n\t\t<div class=\"elementor-element elementor-element-c097359 e-flex e-con-boxed e-con e-parent\" data-id=\"c097359\" data-element_type=\"container\" data-e-type=\"container\">\n\t\t\t\t\t<div class=\"e-con-inner\">\n\t\t\t\t<div class=\"elementor-element elementor-element-c6d3ef6 elementor-widget elementor-widget-text-editor\" data-id=\"c6d3ef6\" data-element_type=\"widget\" data-e-type=\"widget\" data-widget_type=\"text-editor.default\">\n\t\t\t\t<div class=\"elementor-widget-container\">\n\t\t\t\t\t\t\t\t\t<p><strong>Anwendung:<\/strong><\/p>\n<p class=\"p1\">Legierung, die haupts\u00e4chlich f\u00fcr die Herstellung von Lagern und Buchsen f\u00fcr geh\u00e4rtete oder verchromte Stahlwellen vorgesehen ist. Aufgrund ihrer hohen Gie\u00dfbarkeit kann sie vorteilhaft f\u00fcr die Produktion komplexer Gussteile f\u00fcr hydraulische Anwendungen (Geh\u00e4use und Laufr\u00e4der von Kreiselpumpen) eingesetzt werden. Sie wird auch f\u00fcr Zahnr\u00e4der verwendet, die mit Schnecken aus Stahl kombiniert werden.  <\/p>\n\t\t\t\t\t\t\t\t<\/div>\n\t\t\t\t<\/div>\n\t\t\t\t\t<\/div>\n\t\t\t\t<\/div>\n\t\t<div class=\"elementor-element elementor-element-fe702ce e-flex e-con-boxed e-con e-parent\" data-id=\"fe702ce\" data-element_type=\"container\" data-e-type=\"container\">\n\t\t\t\t\t<div class=\"e-con-inner\">\n\t\t\t\t<div class=\"elementor-element elementor-element-65d1f39 elementor-widget elementor-widget-text-editor\" data-id=\"65d1f39\" data-element_type=\"widget\" data-e-type=\"widget\" data-widget_type=\"text-editor.default\">\n\t\t\t\t<div class=\"elementor-widget-container\">\n\t\t\t\t\t\t\t\t\t<p><em><strong>Hinweis:<\/strong> F\u00fcr weitere Informationen wenden Sie sich bitte an unser<\/em> <a href=\"https:\/\/www.fonderiaboa.it\/de\/kontakte\/\"><em>Vertriebsb\u00fcro.<\/em><\/a><\/p>\n\t\t\t\t\t\t\t\t<\/div>\n\t\t\t\t<\/div>\n\t\t\t\t<div class=\"elementor-element elementor-element-2e3e736 elementor-widget elementor-widget-spacer\" data-id=\"2e3e736\" data-element_type=\"widget\" data-e-type=\"widget\" data-widget_type=\"spacer.default\">\n\t\t\t\t<div class=\"elementor-widget-container\">\n\t\t\t\t\t\t\t<div class=\"elementor-spacer\">\n\t\t\t<div class=\"elementor-spacer-inner\"><\/div>\n\t\t<\/div>\n\t\t\t\t\t\t<\/div>\n\t\t\t\t<\/div>\n\t\t\t\t\t<\/div>\n\t\t\t\t<\/div>\n\t\t<div class=\"elementor-element elementor-element-f99b5a4 e-flex e-con-boxed e-con e-parent\" data-id=\"f99b5a4\" data-element_type=\"container\" data-e-type=\"container\">\n\t\t\t\t\t<div class=\"e-con-inner\">\n\t\t\t\t<div class=\"elementor-element elementor-element-6702bbf elementor-align-left elementor-widget elementor-widget-button\" data-id=\"6702bbf\" data-element_type=\"widget\" data-e-type=\"widget\" data-widget_type=\"button.default\">\n\t\t\t\t<div class=\"elementor-widget-container\">\n\t\t\t\t\t\t\t\t\t<div class=\"elementor-button-wrapper\">\n\t\t\t\t\t<a class=\"elementor-button elementor-button-link elementor-size-sm\" href=\"https:\/\/www.fonderiaboa.it\/de\/produkte-und-dienstleistungen\/\">\n\t\t\t\t\t\t<span class=\"elementor-button-content-wrapper\">\n\t\t\t\t\t\t\t\t\t<span class=\"elementor-button-text\">Zur\u00fcck zu \"Produkte und Dienstleistungen\"<\/span>\n\t\t\t\t\t<\/span>\n\t\t\t\t\t<\/a>\n\t\t\t\t<\/div>\n\t\t\t\t\t\t\t\t<\/div>\n\t\t\t\t<\/div>\n\t\t\t\t\t<\/div>\n\t\t\t\t<\/div>\n\t\t<div class=\"elementor-element elementor-element-75b4692 e-flex e-con-boxed e-con e-parent\" data-id=\"75b4692\" data-element_type=\"container\" data-e-type=\"container\">\n\t\t\t\t\t<div class=\"e-con-inner\">\n\t\t\t\t<div class=\"elementor-element elementor-element-98efefe elementor-widget elementor-widget-spacer\" data-id=\"98efefe\" data-element_type=\"widget\" data-e-type=\"widget\" data-widget_type=\"spacer.default\">\n\t\t\t\t<div class=\"elementor-widget-container\">\n\t\t\t\t\t\t\t<div class=\"elementor-spacer\">\n\t\t\t<div class=\"elementor-spacer-inner\"><\/div>\n\t\t<\/div>\n\t\t\t\t\t\t<\/div>\n\t\t\t\t<\/div>\n\t\t\t\t\t<\/div>\n\t\t\t\t<\/div>\n\t\t\t\t<\/div>\n\t\t","protected":false},"excerpt":{"rendered":"<p>CC483K Scrollen Sie nach rechts, um die Werte anzuzeigen. Bezugsnorm CC483K-GCUNI EN 1982 Chemische Analyse %Chemische Zusammensetzung Sn% Zn% Pb% Fe% Ni% Al% P% Si% Mn% Sb% As% Cu% Rest Min 11,00 &#8211; &#8211; &#8211; &#8211; &#8211; &#8211; &#8211; &#8211; &#8211; &#8211; 85,00 &#8211; Max 13,00 0,50 0,70 0,20 2,00 0,01 0,70 0,01 0,20 0,15 [&hellip;]<\/p>\n","protected":false},"author":1,"featured_media":934,"parent":0,"menu_order":0,"comment_status":"closed","ping_status":"closed","template":"elementor_header_footer","meta":{"footnotes":""},"class_list":["post-1199","page","type-page","status-publish","has-post-thumbnail","hentry"],"_links":{"self":[{"href":"https:\/\/www.fonderiaboa.it\/de\/wp-json\/wp\/v2\/pages\/1199","targetHints":{"allow":["GET"]}}],"collection":[{"href":"https:\/\/www.fonderiaboa.it\/de\/wp-json\/wp\/v2\/pages"}],"about":[{"href":"https:\/\/www.fonderiaboa.it\/de\/wp-json\/wp\/v2\/types\/page"}],"author":[{"embeddable":true,"href":"https:\/\/www.fonderiaboa.it\/de\/wp-json\/wp\/v2\/users\/1"}],"replies":[{"embeddable":true,"href":"https:\/\/www.fonderiaboa.it\/de\/wp-json\/wp\/v2\/comments?post=1199"}],"version-history":[{"count":4,"href":"https:\/\/www.fonderiaboa.it\/de\/wp-json\/wp\/v2\/pages\/1199\/revisions"}],"predecessor-version":[{"id":2197,"href":"https:\/\/www.fonderiaboa.it\/de\/wp-json\/wp\/v2\/pages\/1199\/revisions\/2197"}],"wp:featuredmedia":[{"embeddable":true,"href":"https:\/\/www.fonderiaboa.it\/de\/wp-json\/wp\/v2\/media\/934"}],"wp:attachment":[{"href":"https:\/\/www.fonderiaboa.it\/de\/wp-json\/wp\/v2\/media?parent=1199"}],"curies":[{"name":"wp","href":"https:\/\/api.w.org\/{rel}","templated":true}]}}