{"id":1201,"date":"2024-10-01T21:12:26","date_gmt":"2024-10-01T21:12:26","guid":{"rendered":"https:\/\/www.fonderiaboa.it\/cc331g\/"},"modified":"2025-04-28T07:25:46","modified_gmt":"2025-04-28T07:25:46","slug":"cc331g","status":"publish","type":"page","link":"https:\/\/www.fonderiaboa.it\/de\/cc331g\/","title":{"rendered":"CC331G"},"content":{"rendered":"\t\t<div data-elementor-type=\"wp-page\" data-elementor-id=\"1201\" class=\"elementor elementor-1201 elementor-225\" data-elementor-post-type=\"page\">\n\t\t\t\t<div class=\"elementor-element elementor-element-855a3de e-flex e-con-boxed e-con e-parent\" data-id=\"855a3de\" data-element_type=\"container\" data-e-type=\"container\">\n\t\t\t\t\t<div class=\"e-con-inner\">\n\t\t\t\t<div class=\"elementor-element elementor-element-aef9fc8 elementor-widget elementor-widget-heading\" data-id=\"aef9fc8\" data-element_type=\"widget\" data-e-type=\"widget\" data-widget_type=\"heading.default\">\n\t\t\t\t<div class=\"elementor-widget-container\">\n\t\t\t\t\t<h1 class=\"elementor-heading-title elementor-size-default\">CC331G<\/h1>\t\t\t\t<\/div>\n\t\t\t\t<\/div>\n\t\t\t\t<div class=\"elementor-element elementor-element-5e63f61 elementor-hidden-desktop elementor-invisible elementor-widget elementor-widget-heading\" data-id=\"5e63f61\" data-element_type=\"widget\" data-e-type=\"widget\" data-settings=\"{&quot;_animation&quot;:&quot;fadeIn&quot;}\" data-widget_type=\"heading.default\">\n\t\t\t\t<div class=\"elementor-widget-container\">\n\t\t\t\t\t<h2 class=\"elementor-heading-title elementor-size-default\">Scrollen Sie nach rechts, um die Werte anzuzeigen.<\/h2>\t\t\t\t<\/div>\n\t\t\t\t<\/div>\n\t\t\t\t<div class=\"elementor-element elementor-element-e1d5e63 elementor-widget elementor-widget-html\" data-id=\"e1d5e63\" data-element_type=\"widget\" data-e-type=\"widget\" data-widget_type=\"html.default\">\n\t\t\t\t<div class=\"elementor-widget-container\">\n\t\t\t\t\t<!-- Tabella 1 - Analisi Chimica -->\n<style>\n  .responsive-table {\n    width: 100%;\n    overflow-x: auto;\n    display: block;\n  }\n  table {\n    border-collapse: collapse;\n    width: 100%;\n  }\n  th, td {\n    border: 1px solid black;\n    padding: 5px;\n    text-align: center;\n  }\n  @media screen and (max-width: 768px) {\n    td, th {\n      font-size: 12px;\n      padding: 3px;\n    }\n  }\n<\/style>\n<div class=\"responsive-table\">\n  <table>\n    <tr>\n      <td rowspan=\"2\">Bezugsnorm\n<strong>CC331G-GC<\/strong><br>UNI EN 1982<\/td><br><td colspan=\"13\"><strong>Chemische Analyse %<\/strong><br>Chemische Zusammensetzung<\/td>\n    <\/tr>\n    <tr>\n      <td>Sn%<\/td>\n      <td>Zn%<\/td>\n      <td>Pb%<\/td>\n      <td>Fe%<\/td>\n      <td>Ni%<\/td>\n      <td>Al%<\/td>\n      <td>P%<\/td>\n      <td>Si%<\/td>\n      <td>Mn%<\/td>\n      <td>Sb%<\/td>\n      <td>As%<\/td>\n      <td>Cu%<\/td>\n      <td>Rest<\/td>\n    <\/tr>\n    <tr>\n      <td>Min<\/td>\n      <td>-<\/td>\n      <td>-<\/td>\n      <td>-<\/td>\n      <td>1,50<\/td>\n      <td>-<\/td>\n      <td>8,50<\/td>\n      <td>-<\/td>\n      <td>-<\/td>\n      <td>-<\/td>\n      <td>-<\/td>\n      <td>-<\/td>\n      <td>83,00<\/td>\n      <td>-<\/td>\n    <\/tr>\n    <tr>\n      <td>Max<\/td>\n      <td>0,20<\/td>\n      <td>0,50<\/td>\n      <td>0,10<\/td>\n      <td>3,50<\/td>\n      <td>1,50<\/td>\n      <td>10,50<\/td>\n      <td>-<\/td>\n      <td>0,20<\/td>\n      <td>1,00<\/td>\n      <td>-<\/td>\n      <td>-<\/td>\n      <td>89,50<\/td>\n      <td>-<\/td>\n    <\/tr>\n  <\/table>\n<\/div>\n\n<!-- Tabella 2 - Propriet\u00e0 Meccaniche -->\n<div class=\"responsive-table\">\n  <table>\n    <tr>\n      <td rowspan=\"2\"><strong>Gie\u00dfprozess und Bezeichnung<\/strong><\/td>\n<td colspan=\"4\"><strong>Mechanische Eigenschaften<\/strong><\/td>\n    <\/tr>\n    <tr>\n      <td>Streckgrenze\nRp 0,2 N\/mm\u00b2<\/td>\n<td>Zugfestigkeit\nRm N\/mm\u00b2<\/td><br><td>Bruchdehnung<br>A%<\/td><br><td>Brinellh\u00e4rte<br>HB<\/td>\n    <\/tr>\n    <tr>\n      <td>Sandgegossen\n-GS<\/td>\n<td>180<\/td>\n<td>500<\/td>\n<td>18<\/td><br><td>100<\/td>\n    <\/tr>\n    <tr>\n      <td>Schwerkraftkokillenguss\n-GM<\/td>\n<td>250<\/td>\n<td>600<\/td>\n<td>20<\/td><br><td>130<\/td>\n    <\/tr>\n    <tr>\n      <td>Schleuderguss\n-GZ<\/td>\n<td>200<\/td>\n<td>550<\/td>\n<td>18<\/td><br><td>130<\/td>\n    <\/tr>\n    <tr>\n      <td>Strangguss\n-GC<\/td>\n<td>200<\/td>\n<td>550<\/td>\n<td>15<\/td><br><td>130<\/td>\n    <\/tr>\n  <\/table>\n<\/div>\n\t\t\t\t<\/div>\n\t\t\t\t<\/div>\n\t\t\t\t\t<\/div>\n\t\t\t\t<\/div>\n\t\t<div class=\"elementor-element elementor-element-30cebce e-flex e-con-boxed e-con e-parent\" data-id=\"30cebce\" data-element_type=\"container\" data-e-type=\"container\">\n\t\t\t\t\t<div class=\"e-con-inner\">\n\t\t\t\t<div class=\"elementor-element elementor-element-43f4500 elementor-widget elementor-widget-text-editor\" data-id=\"43f4500\" data-element_type=\"widget\" data-e-type=\"widget\" data-widget_type=\"text-editor.default\">\n\t\t\t\t<div class=\"elementor-widget-container\">\n\t\t\t\t\t\t\t\t\t<p class=\"p1\"><b>Anwendung:<\/b><\/p>\n<p class=\"p1\">Die Legierung dieser Vereinheitlichung ist besonders f\u00fcr chemische Anlagen geeignet. In der allgemeinen Mechanik wird sie f\u00fcr Anwendungen empfohlen, die hohe plastische Eigenschaften erfordern.<\/p>\n<p class=\"p1\">Beispiele f\u00fcr Anwendungen: Wasserpumpen f\u00fcr Bergwerke, Laufr\u00e4der von Kreiselpumpen, gering belastete Schiffspropeller, Lager, Ventilsitze und -f\u00fchrungen, Schneckenr\u00e4der, usw.<\/p>\n\t\t\t\t\t\t\t\t<\/div>\n\t\t\t\t<\/div>\n\t\t\t\t\t<\/div>\n\t\t\t\t<\/div>\n\t\t<div class=\"elementor-element elementor-element-7c961dc e-flex e-con-boxed e-con e-parent\" data-id=\"7c961dc\" data-element_type=\"container\" data-e-type=\"container\">\n\t\t\t\t\t<div class=\"e-con-inner\">\n\t\t\t\t<div class=\"elementor-element elementor-element-2c664b8 elementor-widget elementor-widget-text-editor\" data-id=\"2c664b8\" data-element_type=\"widget\" data-e-type=\"widget\" data-widget_type=\"text-editor.default\">\n\t\t\t\t<div class=\"elementor-widget-container\">\n\t\t\t\t\t\t\t\t\t<p class=\"p1\"><em><strong>Hinweis:<\/strong> F\u00fcr weitere Informationen wenden Sie sich bitte an unser<\/em> <a href=\"https:\/\/www.fonderiaboa.it\/de\/kontakte\/\"><em>Vertriebsb\u00fcro.<\/em><\/a><\/p>\n\t\t\t\t\t\t\t\t<\/div>\n\t\t\t\t<\/div>\n\t\t\t\t<div class=\"elementor-element elementor-element-31d402c elementor-widget elementor-widget-spacer\" data-id=\"31d402c\" data-element_type=\"widget\" data-e-type=\"widget\" data-widget_type=\"spacer.default\">\n\t\t\t\t<div class=\"elementor-widget-container\">\n\t\t\t\t\t\t\t<div class=\"elementor-spacer\">\n\t\t\t<div class=\"elementor-spacer-inner\"><\/div>\n\t\t<\/div>\n\t\t\t\t\t\t<\/div>\n\t\t\t\t<\/div>\n\t\t\t\t\t<\/div>\n\t\t\t\t<\/div>\n\t\t<div class=\"elementor-element elementor-element-02ce4fe e-flex e-con-boxed e-con e-parent\" data-id=\"02ce4fe\" data-element_type=\"container\" data-e-type=\"container\">\n\t\t\t\t\t<div class=\"e-con-inner\">\n\t\t\t\t<div class=\"elementor-element elementor-element-37a9e3f elementor-align-left elementor-widget elementor-widget-button\" data-id=\"37a9e3f\" data-element_type=\"widget\" data-e-type=\"widget\" data-widget_type=\"button.default\">\n\t\t\t\t<div class=\"elementor-widget-container\">\n\t\t\t\t\t\t\t\t\t<div class=\"elementor-button-wrapper\">\n\t\t\t\t\t<a class=\"elementor-button elementor-button-link elementor-size-sm\" href=\"https:\/\/www.fonderiaboa.it\/de\/produkte-und-dienstleistungen\/\">\n\t\t\t\t\t\t<span class=\"elementor-button-content-wrapper\">\n\t\t\t\t\t\t\t\t\t<span class=\"elementor-button-text\">Zur\u00fcck zu \"Produkte und Dienstleistungen\"<\/span>\n\t\t\t\t\t<\/span>\n\t\t\t\t\t<\/a>\n\t\t\t\t<\/div>\n\t\t\t\t\t\t\t\t<\/div>\n\t\t\t\t<\/div>\n\t\t\t\t\t<\/div>\n\t\t\t\t<\/div>\n\t\t<div class=\"elementor-element elementor-element-176704d e-flex e-con-boxed e-con e-parent\" data-id=\"176704d\" data-element_type=\"container\" data-e-type=\"container\">\n\t\t\t\t\t<div class=\"e-con-inner\">\n\t\t\t\t<div class=\"elementor-element elementor-element-7e9919a elementor-widget elementor-widget-spacer\" data-id=\"7e9919a\" data-element_type=\"widget\" data-e-type=\"widget\" data-widget_type=\"spacer.default\">\n\t\t\t\t<div class=\"elementor-widget-container\">\n\t\t\t\t\t\t\t<div class=\"elementor-spacer\">\n\t\t\t<div class=\"elementor-spacer-inner\"><\/div>\n\t\t<\/div>\n\t\t\t\t\t\t<\/div>\n\t\t\t\t<\/div>\n\t\t\t\t\t<\/div>\n\t\t\t\t<\/div>\n\t\t\t\t<\/div>\n\t\t","protected":false},"excerpt":{"rendered":"<p>CC331G Scrollen Sie nach rechts, um die Werte anzuzeigen. Bezugsnorm CC331G-GCUNI EN 1982 Chemische Analyse %Chemische Zusammensetzung Sn% Zn% Pb% Fe% Ni% Al% P% Si% Mn% Sb% As% Cu% Rest Min &#8211; &#8211; &#8211; 1,50 &#8211; 8,50 &#8211; &#8211; &#8211; &#8211; &#8211; 83,00 &#8211; Max 0,20 0,50 0,10 3,50 1,50 10,50 &#8211; 0,20 1,00 &#8211; [&hellip;]<\/p>\n","protected":false},"author":1,"featured_media":1387,"parent":0,"menu_order":0,"comment_status":"closed","ping_status":"closed","template":"elementor_header_footer","meta":{"footnotes":""},"class_list":["post-1201","page","type-page","status-publish","has-post-thumbnail","hentry"],"_links":{"self":[{"href":"https:\/\/www.fonderiaboa.it\/de\/wp-json\/wp\/v2\/pages\/1201","targetHints":{"allow":["GET"]}}],"collection":[{"href":"https:\/\/www.fonderiaboa.it\/de\/wp-json\/wp\/v2\/pages"}],"about":[{"href":"https:\/\/www.fonderiaboa.it\/de\/wp-json\/wp\/v2\/types\/page"}],"author":[{"embeddable":true,"href":"https:\/\/www.fonderiaboa.it\/de\/wp-json\/wp\/v2\/users\/1"}],"replies":[{"embeddable":true,"href":"https:\/\/www.fonderiaboa.it\/de\/wp-json\/wp\/v2\/comments?post=1201"}],"version-history":[{"count":6,"href":"https:\/\/www.fonderiaboa.it\/de\/wp-json\/wp\/v2\/pages\/1201\/revisions"}],"predecessor-version":[{"id":2178,"href":"https:\/\/www.fonderiaboa.it\/de\/wp-json\/wp\/v2\/pages\/1201\/revisions\/2178"}],"wp:featuredmedia":[{"embeddable":true,"href":"https:\/\/www.fonderiaboa.it\/de\/wp-json\/wp\/v2\/media\/1387"}],"wp:attachment":[{"href":"https:\/\/www.fonderiaboa.it\/de\/wp-json\/wp\/v2\/media?parent=1201"}],"curies":[{"name":"wp","href":"https:\/\/api.w.org\/{rel}","templated":true}]}}