{"id":884,"date":"2024-09-15T13:24:03","date_gmt":"2024-09-15T13:24:03","guid":{"rendered":"https:\/\/www.fonderiaboa.it\/soziales-und-umwelt\/"},"modified":"2025-04-28T08:41:08","modified_gmt":"2025-04-28T08:41:08","slug":"soziales-und-umwelt","status":"publish","type":"page","link":"https:\/\/www.fonderiaboa.it\/de\/soziales-und-umwelt\/","title":{"rendered":"Soziales und Umwelt"},"content":{"rendered":"\t\t<div data-elementor-type=\"wp-page\" data-elementor-id=\"884\" class=\"elementor elementor-884 elementor-212\" data-elementor-post-type=\"page\">\n\t\t\t\t<div class=\"elementor-element elementor-element-08a82c9 e-flex e-con-boxed e-con e-parent\" data-id=\"08a82c9\" data-element_type=\"container\" data-e-type=\"container\">\n\t\t\t\t\t<div class=\"e-con-inner\">\n\t\t\t\t<div class=\"elementor-element elementor-element-d2b161e elementor-widget elementor-widget-spacer\" data-id=\"d2b161e\" data-element_type=\"widget\" data-e-type=\"widget\" data-widget_type=\"spacer.default\">\n\t\t\t\t<div class=\"elementor-widget-container\">\n\t\t\t\t\t\t\t<div class=\"elementor-spacer\">\n\t\t\t<div class=\"elementor-spacer-inner\"><\/div>\n\t\t<\/div>\n\t\t\t\t\t\t<\/div>\n\t\t\t\t<\/div>\n\t\t\t\t<div class=\"elementor-element elementor-element-6539fe3 elementor-invisible elementor-widget elementor-widget-heading\" data-id=\"6539fe3\" data-element_type=\"widget\" data-e-type=\"widget\" data-settings=\"{&quot;_animation&quot;:&quot;fadeInDown&quot;}\" data-widget_type=\"heading.default\">\n\t\t\t\t<div class=\"elementor-widget-container\">\n\t\t\t\t\t<h1 class=\"elementor-heading-title elementor-size-default\">Engagement f\u00fcr Soziales und Umwelt<\/h1>\t\t\t\t<\/div>\n\t\t\t\t<\/div>\n\t\t\t\t<div class=\"elementor-element elementor-element-f533ce2 elementor-widget elementor-widget-spacer\" data-id=\"f533ce2\" data-element_type=\"widget\" data-e-type=\"widget\" data-widget_type=\"spacer.default\">\n\t\t\t\t<div class=\"elementor-widget-container\">\n\t\t\t\t\t\t\t<div class=\"elementor-spacer\">\n\t\t\t<div class=\"elementor-spacer-inner\"><\/div>\n\t\t<\/div>\n\t\t\t\t\t\t<\/div>\n\t\t\t\t<\/div>\n\t\t\t\t<div class=\"elementor-element elementor-element-0cdc79c elementor-widget elementor-widget-image\" data-id=\"0cdc79c\" data-element_type=\"widget\" data-e-type=\"widget\" data-widget_type=\"image.default\">\n\t\t\t\t<div class=\"elementor-widget-container\">\n\t\t\t\t\t\t\t\t\t\t\t\t\t\t\t<img fetchpriority=\"high\" decoding=\"async\" width=\"800\" height=\"448\" src=\"https:\/\/www.fonderiaboa.it\/wp-content\/uploads\/2025\/01\/Sociale_e_ambiente-1024x573.jpg\" class=\"attachment-large size-large wp-image-1272\" alt=\"impegno della fonderia verso l&#039;attenzione ambientale.\" srcset=\"https:\/\/www.fonderiaboa.it\/wp-content\/uploads\/2025\/01\/Sociale_e_ambiente-1024x573.jpg 1024w, https:\/\/www.fonderiaboa.it\/wp-content\/uploads\/2025\/01\/Sociale_e_ambiente-300x168.jpg 300w, https:\/\/www.fonderiaboa.it\/wp-content\/uploads\/2025\/01\/Sociale_e_ambiente-768x430.jpg 768w, https:\/\/www.fonderiaboa.it\/wp-content\/uploads\/2025\/01\/Sociale_e_ambiente.jpg 1382w\" sizes=\"(max-width: 800px) 100vw, 800px\" \/>\t\t\t\t\t\t\t\t\t\t\t\t\t\t\t<\/div>\n\t\t\t\t<\/div>\n\t\t\t\t\t<\/div>\n\t\t\t\t<\/div>\n\t\t<div class=\"elementor-element elementor-element-61af629 e-flex e-con-boxed e-con e-parent\" data-id=\"61af629\" data-element_type=\"container\" data-e-type=\"container\">\n\t\t\t\t\t<div class=\"e-con-inner\">\n\t\t\t\t<div class=\"elementor-element elementor-element-8c81506 elementor-widget elementor-widget-spacer\" data-id=\"8c81506\" data-element_type=\"widget\" data-e-type=\"widget\" data-widget_type=\"spacer.default\">\n\t\t\t\t<div class=\"elementor-widget-container\">\n\t\t\t\t\t\t\t<div class=\"elementor-spacer\">\n\t\t\t<div class=\"elementor-spacer-inner\"><\/div>\n\t\t<\/div>\n\t\t\t\t\t\t<\/div>\n\t\t\t\t<\/div>\n\t\t\t\t<div class=\"elementor-element elementor-element-98b2a56 elementor-invisible elementor-widget elementor-widget-text-editor\" data-id=\"98b2a56\" data-element_type=\"widget\" data-e-type=\"widget\" data-settings=\"{&quot;_animation&quot;:&quot;fadeIn&quot;}\" data-widget_type=\"text-editor.default\">\n\t\t\t\t<div class=\"elementor-widget-container\">\n\t\t\t\t\t\t\t\t\t<p><strong>BOA<\/strong> f\u00f6rdert aktiv die Zusammenarbeit und den gegenseitigen Respekt in allen Abteilungen, vom B\u00fcro \u00fcber die Gie\u00dferei bis hin zur Werkstatt. Dieser Ansatz hat ein Arbeitsumfeld geschaffen, das auf Vertrauen basiert, in dem sich Professionalit\u00e4t und Menschlichkeit erg\u00e4nzen und ein ruhiges sowie produktives Klima f\u00f6rdern. <strong>Wir sind \u00fcberzeugt, dass ein positives und kooperatives Arbeitsumfeld entscheidend ist, um unsere Unternehmensziele zu erreichen und das Wohlbefinden unserer Mitarbeiter zu gew\u00e4hrleisten.<\/strong><\/p>\n\t\t\t\t\t\t\t\t<\/div>\n\t\t\t\t<\/div>\n\t\t\t\t<div class=\"elementor-element elementor-element-eafc604 elementor-widget elementor-widget-spacer\" data-id=\"eafc604\" data-element_type=\"widget\" data-e-type=\"widget\" data-widget_type=\"spacer.default\">\n\t\t\t\t<div class=\"elementor-widget-container\">\n\t\t\t\t\t\t\t<div class=\"elementor-spacer\">\n\t\t\t<div class=\"elementor-spacer-inner\"><\/div>\n\t\t<\/div>\n\t\t\t\t\t\t<\/div>\n\t\t\t\t<\/div>\n\t\t\t\t\t<\/div>\n\t\t\t\t<\/div>\n\t\t<div class=\"elementor-element elementor-element-ad16f50 e-flex e-con-boxed e-con e-parent\" data-id=\"ad16f50\" data-element_type=\"container\" data-e-type=\"container\">\n\t\t\t\t\t<div class=\"e-con-inner\">\n\t\t<div class=\"elementor-element elementor-element-cf65b48 e-con-full e-flex e-con e-child\" data-id=\"cf65b48\" data-element_type=\"container\" data-e-type=\"container\">\n\t\t\t\t<div class=\"elementor-element elementor-element-fc0a7dc elementor-view-default elementor-invisible elementor-widget elementor-widget-icon\" data-id=\"fc0a7dc\" data-element_type=\"widget\" data-e-type=\"widget\" data-settings=\"{&quot;_animation&quot;:&quot;fadeInLeft&quot;}\" data-widget_type=\"icon.default\">\n\t\t\t\t<div class=\"elementor-widget-container\">\n\t\t\t\t\t\t\t<div class=\"elementor-icon-wrapper\">\n\t\t\t<div class=\"elementor-icon\">\n\t\t\t<svg aria-hidden=\"true\" class=\"e-font-icon-svg e-fas-user-check\" viewBox=\"0 0 640 512\" xmlns=\"http:\/\/www.w3.org\/2000\/svg\"><path d=\"M224 256c70.7 0 128-57.3 128-128S294.7 0 224 0 96 57.3 96 128s57.3 128 128 128zm89.6 32h-16.7c-22.2 10.2-46.9 16-72.9 16s-50.6-5.8-72.9-16h-16.7C60.2 288 0 348.2 0 422.4V464c0 26.5 21.5 48 48 48h352c26.5 0 48-21.5 48-48v-41.6c0-74.2-60.2-134.4-134.4-134.4zm323-128.4l-27.8-28.1c-4.6-4.7-12.1-4.7-16.8-.1l-104.8 104-45.5-45.8c-4.6-4.7-12.1-4.7-16.8-.1l-28.1 27.9c-4.7 4.6-4.7 12.1-.1 16.8l81.7 82.3c4.6 4.7 12.1 4.7 16.8.1l141.3-140.2c4.6-4.7 4.7-12.2.1-16.8z\"><\/path><\/svg>\t\t\t<\/div>\n\t\t<\/div>\n\t\t\t\t\t\t<\/div>\n\t\t\t\t<\/div>\n\t\t\t\t<div class=\"elementor-element elementor-element-f9230db elementor-invisible elementor-widget elementor-widget-text-editor\" data-id=\"f9230db\" data-element_type=\"widget\" data-e-type=\"widget\" data-settings=\"{&quot;_animation&quot;:&quot;fadeInLeft&quot;}\" data-widget_type=\"text-editor.default\">\n\t\t\t\t<div class=\"elementor-widget-container\">\n\t\t\t\t\t\t\t\t\t<p>Die Arbeitssicherheit hat oberste Priorit\u00e4t. In der Gie\u00dferei setzen wir uns kontinuierlich daf\u00fcr ein, <strong>die Gesundheit unserer Mitarbeiter zu gew\u00e4hrleisten<\/strong>, indem wir pr\u00e4ventive Ma\u00dfnahmen ergreifen und gezielte Schulungen anbieten. Wir haben eine spezifische <span style=\"text-decoration: underline;\">Beschilderung<\/span> f\u00fcr die Materialbewegung implementiert, hohe <span style=\"text-decoration: underline;\">Reinigungs- und Ordnungsstandards aufrechterhalten<\/span> <em>und einen neuen \u00fcberdachten Bereich f\u00fcr sichere Pausen geschaffen.<\/em> Dar\u00fcber hinaus stellen wir regelm\u00e4\u00dfig <strong>pers\u00f6nliche Schutzausr\u00fcstungen<\/strong> bereit, die aktuell und den geltenden Vorschriften entsprechen.<\/p>\n\t\t\t\t\t\t\t\t<\/div>\n\t\t\t\t<\/div>\n\t\t\t\t<\/div>\n\t\t<div class=\"elementor-element elementor-element-488d7e5 e-con-full e-flex e-con e-child\" data-id=\"488d7e5\" data-element_type=\"container\" data-e-type=\"container\">\n\t\t\t\t<div class=\"elementor-element elementor-element-2c389bd elementor-view-default elementor-invisible elementor-widget elementor-widget-icon\" data-id=\"2c389bd\" data-element_type=\"widget\" data-e-type=\"widget\" data-settings=\"{&quot;_animation&quot;:&quot;fadeInRight&quot;}\" data-widget_type=\"icon.default\">\n\t\t\t\t<div class=\"elementor-widget-container\">\n\t\t\t\t\t\t\t<div class=\"elementor-icon-wrapper\">\n\t\t\t<div class=\"elementor-icon\">\n\t\t\t<svg aria-hidden=\"true\" class=\"e-font-icon-svg e-fas-seedling\" viewBox=\"0 0 512 512\" xmlns=\"http:\/\/www.w3.org\/2000\/svg\"><path d=\"M64 96H0c0 123.7 100.3 224 224 224v144c0 8.8 7.2 16 16 16h32c8.8 0 16-7.2 16-16V320C288 196.3 187.7 96 64 96zm384-64c-84.2 0-157.4 46.5-195.7 115.2 27.7 30.2 48.2 66.9 59 107.6C424 243.1 512 147.9 512 32h-64z\"><\/path><\/svg>\t\t\t<\/div>\n\t\t<\/div>\n\t\t\t\t\t\t<\/div>\n\t\t\t\t<\/div>\n\t\t\t\t<div class=\"elementor-element elementor-element-abed1f9 elementor-invisible elementor-widget elementor-widget-text-editor\" data-id=\"abed1f9\" data-element_type=\"widget\" data-e-type=\"widget\" data-settings=\"{&quot;_animation&quot;:&quot;fadeInRight&quot;}\" data-widget_type=\"text-editor.default\">\n\t\t\t\t<div class=\"elementor-widget-container\">\n\t\t\t\t\t\t\t\t\t<p><strong>BOA<\/strong> erf\u00fcllt vollst\u00e4ndig die <strong>Standards des Umweltschutzes<\/strong> und verfolgt einen proaktiven Ansatz zur Nachhaltigkeit, mit kontinuierlicher \u00dcberwachung und <strong>st\u00e4ndiger Aufmerksamkeit f\u00fcr gesetzliche Aktualisierungen.<\/strong> Das Ziel ist es, unseren Einfluss auf die Region zu minimieren und verantwortungsvoll zu handeln, indem wir Praktiken integrieren, <span style=\"text-decoration: underline;\">die ein Gleichgewicht zwischen Produktionsaktivit\u00e4ten und Umweltschutz f\u00f6rdern.<\/span><\/p>\n\t\t\t\t\t\t\t\t<\/div>\n\t\t\t\t<\/div>\n\t\t\t\t<\/div>\n\t\t\t\t\t<\/div>\n\t\t\t\t<\/div>\n\t\t<div class=\"elementor-element elementor-element-58a3206 e-flex e-con-boxed e-con e-parent\" data-id=\"58a3206\" data-element_type=\"container\" data-e-type=\"container\">\n\t\t\t\t\t<div class=\"e-con-inner\">\n\t\t\t\t<div class=\"elementor-element elementor-element-f4021df elementor-widget elementor-widget-spacer\" data-id=\"f4021df\" data-element_type=\"widget\" data-e-type=\"widget\" data-widget_type=\"spacer.default\">\n\t\t\t\t<div class=\"elementor-widget-container\">\n\t\t\t\t\t\t\t<div class=\"elementor-spacer\">\n\t\t\t<div class=\"elementor-spacer-inner\"><\/div>\n\t\t<\/div>\n\t\t\t\t\t\t<\/div>\n\t\t\t\t<\/div>\n\t\t\t\t<div class=\"elementor-element elementor-element-733d33f elementor-widget-divider--separator-type-pattern elementor-widget-divider--view-line elementor-invisible elementor-widget elementor-widget-divider\" data-id=\"733d33f\" data-element_type=\"widget\" data-e-type=\"widget\" data-settings=\"{&quot;_animation&quot;:&quot;fadeIn&quot;}\" data-widget_type=\"divider.default\">\n\t\t\t\t<div class=\"elementor-widget-container\">\n\t\t\t\t\t\t\t<div class=\"elementor-divider\" style=\"--divider-pattern-url: url(&quot;data:image\/svg+xml,%3Csvg xmlns=&#039;http:\/\/www.w3.org\/2000\/svg&#039; preserveAspectRatio=&#039;none&#039; overflow=&#039;visible&#039; height=&#039;100%&#039; viewBox=&#039;0 0 20 16&#039; fill=&#039;none&#039; stroke=&#039;black&#039; stroke-width=&#039;1&#039; stroke-linecap=&#039;square&#039; stroke-miterlimit=&#039;10&#039;%3E%3Cg transform=&#039;translate(-12.000000, 0)&#039;%3E%3Cpath d=&#039;M28,0L10,18&#039;\/%3E%3Cpath d=&#039;M18,0L0,18&#039;\/%3E%3Cpath d=&#039;M48,0L30,18&#039;\/%3E%3Cpath d=&#039;M38,0L20,18&#039;\/%3E%3C\/g%3E%3C\/svg%3E&quot;);\">\n\t\t\t<span class=\"elementor-divider-separator\">\n\t\t\t\t\t\t<\/span>\n\t\t<\/div>\n\t\t\t\t\t\t<\/div>\n\t\t\t\t<\/div>\n\t\t\t\t<div class=\"elementor-element elementor-element-69d2238 elementor-invisible elementor-widget elementor-widget-text-editor\" data-id=\"69d2238\" data-element_type=\"widget\" data-e-type=\"widget\" data-settings=\"{&quot;_animation&quot;:&quot;fadeIn&quot;}\" data-widget_type=\"text-editor.default\">\n\t\t\t\t<div class=\"elementor-widget-container\">\n\t\t\t\t\t\t\t\t\t<p>Dar\u00fcber hinaus engagieren wir uns f\u00fcr die Unterst\u00fctzung <strong>konkreter Projekte zugunsten der lokalen Gemeinschaft.<\/strong> Wir haben zum Kauf eines Fahrzeugs f\u00fcr Menschen mit Behinderungen beigetragen, einen Defibrillator f\u00fcr das Viertel bereitgestellt und Sport- sowie Freizeitaktivit\u00e4ten f\u00fcr Jugendliche unterst\u00fctzt. Wir glauben, dass unser Beitrag einen Unterschied machen und die Lebensqualit\u00e4t der Menschen verbessern kann, mit denen wir das Gebiet teilen.<\/p>\n\t\t\t\t\t\t\t\t<\/div>\n\t\t\t\t<\/div>\n\t\t\t\t<div class=\"elementor-element elementor-element-5d03178 elementor-widget elementor-widget-spacer\" data-id=\"5d03178\" data-element_type=\"widget\" data-e-type=\"widget\" data-widget_type=\"spacer.default\">\n\t\t\t\t<div class=\"elementor-widget-container\">\n\t\t\t\t\t\t\t<div class=\"elementor-spacer\">\n\t\t\t<div class=\"elementor-spacer-inner\"><\/div>\n\t\t<\/div>\n\t\t\t\t\t\t<\/div>\n\t\t\t\t<\/div>\n\t\t\t\t\t<\/div>\n\t\t\t\t<\/div>\n\t\t\t\t<\/div>\n\t\t","protected":false},"excerpt":{"rendered":"<p>Engagement f\u00fcr Soziales und Umwelt BOA f\u00f6rdert aktiv die Zusammenarbeit und den gegenseitigen Respekt in allen Abteilungen, vom B\u00fcro \u00fcber die Gie\u00dferei bis hin zur Werkstatt. Dieser Ansatz hat ein Arbeitsumfeld geschaffen, das auf Vertrauen basiert, in dem sich Professionalit\u00e4t und Menschlichkeit erg\u00e4nzen und ein ruhiges sowie produktives Klima f\u00f6rdern. Wir sind \u00fcberzeugt, dass ein [&hellip;]<\/p>\n","protected":false},"author":1,"featured_media":1272,"parent":0,"menu_order":0,"comment_status":"closed","ping_status":"closed","template":"","meta":{"footnotes":""},"class_list":["post-884","page","type-page","status-publish","has-post-thumbnail","hentry"],"_links":{"self":[{"href":"https:\/\/www.fonderiaboa.it\/de\/wp-json\/wp\/v2\/pages\/884","targetHints":{"allow":["GET"]}}],"collection":[{"href":"https:\/\/www.fonderiaboa.it\/de\/wp-json\/wp\/v2\/pages"}],"about":[{"href":"https:\/\/www.fonderiaboa.it\/de\/wp-json\/wp\/v2\/types\/page"}],"author":[{"embeddable":true,"href":"https:\/\/www.fonderiaboa.it\/de\/wp-json\/wp\/v2\/users\/1"}],"replies":[{"embeddable":true,"href":"https:\/\/www.fonderiaboa.it\/de\/wp-json\/wp\/v2\/comments?post=884"}],"version-history":[{"count":8,"href":"https:\/\/www.fonderiaboa.it\/de\/wp-json\/wp\/v2\/pages\/884\/revisions"}],"predecessor-version":[{"id":2230,"href":"https:\/\/www.fonderiaboa.it\/de\/wp-json\/wp\/v2\/pages\/884\/revisions\/2230"}],"wp:featuredmedia":[{"embeddable":true,"href":"https:\/\/www.fonderiaboa.it\/de\/wp-json\/wp\/v2\/media\/1272"}],"wp:attachment":[{"href":"https:\/\/www.fonderiaboa.it\/de\/wp-json\/wp\/v2\/media?parent=884"}],"curies":[{"name":"wp","href":"https:\/\/api.w.org\/{rel}","templated":true}]}}