{"id":890,"date":"2024-10-06T13:03:55","date_gmt":"2024-10-06T13:03:55","guid":{"rendered":"https:\/\/www.fonderiaboa.it\/kontakte\/"},"modified":"2025-04-28T08:12:33","modified_gmt":"2025-04-28T08:12:33","slug":"kontakte","status":"publish","type":"page","link":"https:\/\/www.fonderiaboa.it\/de\/kontakte\/","title":{"rendered":"Kontakte"},"content":{"rendered":"\t\t<div data-elementor-type=\"wp-page\" data-elementor-id=\"890\" class=\"elementor elementor-890 elementor-464\" data-elementor-post-type=\"page\">\n\t\t\t\t<div class=\"elementor-element elementor-element-5c651c3 e-flex e-con-boxed e-con e-parent\" data-id=\"5c651c3\" data-element_type=\"container\" data-e-type=\"container\">\n\t\t\t\t\t<div class=\"e-con-inner\">\n\t\t\t\t<div class=\"elementor-element elementor-element-8b70ebf elementor-widget elementor-widget-spacer\" data-id=\"8b70ebf\" data-element_type=\"widget\" data-e-type=\"widget\" data-widget_type=\"spacer.default\">\n\t\t\t\t<div class=\"elementor-widget-container\">\n\t\t\t\t\t\t\t<div class=\"elementor-spacer\">\n\t\t\t<div class=\"elementor-spacer-inner\"><\/div>\n\t\t<\/div>\n\t\t\t\t\t\t<\/div>\n\t\t\t\t<\/div>\n\t\t\t\t<div class=\"elementor-element elementor-element-20e2db6 elementor-widget elementor-widget-spacer\" data-id=\"20e2db6\" data-element_type=\"widget\" data-e-type=\"widget\" data-widget_type=\"spacer.default\">\n\t\t\t\t<div class=\"elementor-widget-container\">\n\t\t\t\t\t\t\t<div class=\"elementor-spacer\">\n\t\t\t<div class=\"elementor-spacer-inner\"><\/div>\n\t\t<\/div>\n\t\t\t\t\t\t<\/div>\n\t\t\t\t<\/div>\n\t\t\t\t\t<\/div>\n\t\t\t\t<\/div>\n\t\t<div class=\"elementor-element elementor-element-86461d8 e-flex e-con-boxed e-con e-parent\" data-id=\"86461d8\" data-element_type=\"container\" data-e-type=\"container\">\n\t\t\t\t\t<div class=\"e-con-inner\">\n\t\t<div class=\"elementor-element elementor-element-81a96a0 e-con-full e-flex e-con e-child\" data-id=\"81a96a0\" data-element_type=\"container\" data-e-type=\"container\">\n\t\t\t\t<div class=\"elementor-element elementor-element-a1ab50b elementor-widget elementor-widget-heading\" data-id=\"a1ab50b\" data-element_type=\"widget\" data-e-type=\"widget\" data-widget_type=\"heading.default\">\n\t\t\t\t<div class=\"elementor-widget-container\">\n\t\t\t\t\t<h1 class=\"elementor-heading-title elementor-size-default\">Kontakte<\/h1>\t\t\t\t<\/div>\n\t\t\t\t<\/div>\n\t\t\t\t<div class=\"elementor-element elementor-element-1651341 elementor-widget elementor-widget-text-editor\" data-id=\"1651341\" data-element_type=\"widget\" data-e-type=\"widget\" data-widget_type=\"text-editor.default\">\n\t\t\t\t<div class=\"elementor-widget-container\">\n\t\t\t\t\t\t\t\t\t<p>F\u00fcr <strong>technische Einblicke<\/strong>, <strong>Angebotsanfragen<\/strong> <strong>oder alle anderen Bed\u00fcrfnisse<\/strong> bez\u00fcglich unserer Produktion in Metalllegierungen wird unser Team gerne Sie unterst\u00fctzen und detaillierte Informationen bereitstellen. <span style=\"text-decoration: underline;\">Wir stehen Ihnen zur Verf\u00fcgung:<\/span> <em>W\u00e4hlen Sie den bequemsten Kanal, um mit uns in Kontakt zu treten.<\/em><\/p>\n\t\t\t\t\t\t\t\t<\/div>\n\t\t\t\t<\/div>\n\t\t\t\t<\/div>\n\t\t<div class=\"elementor-element elementor-element-1f36d41 e-con-full e-flex e-con e-child\" data-id=\"1f36d41\" data-element_type=\"container\" data-e-type=\"container\">\n\t\t\t\t<div class=\"elementor-element elementor-element-e2fd4ad elementor-widget elementor-widget-text-editor\" data-id=\"e2fd4ad\" data-element_type=\"widget\" data-e-type=\"widget\" data-widget_type=\"text-editor.default\">\n\t\t\t\t<div class=\"elementor-widget-container\">\n\t\t\t\t\t\t\t\t\t<p class=\"v1v1msonormal\"><strong>BOA S.r.l.<\/strong><\/p>\n<p class=\"v1v1msonormal\">Via dell&#8217;Artigianato, 23<\/p>\n<p class=\"v1v1msonormal\">Montichiari (BS) Italien<\/p>\n<p class=\"v1v1msonormal\">Telefon: 0039 (0)30 962051<\/p>\n<p class=\"v1v1msonormal\">Fax: 0039 (0)30 9961114<\/p>\n<p class=\"v1v1msonormal\"><a href=\"mailto:boasrl@boasrl.it\" rel=\"noreferrer\"><u>boasrl@boasrl.it<\/u><\/a><\/p>\n<p class=\"v1v1msonormal\"><span style=\"text-decoration: underline;\">Unsere B\u00fcros sind an Werktagen von Montag bis Freitag von 8:00 bis 12:00 Uhr und von 13:30 bis 17:30 Uhr ge\u00f6ffnet.<\/span><\/p>\n\t\t\t\t\t\t\t\t<\/div>\n\t\t\t\t<\/div>\n\t\t\t\t<\/div>\n\t\t\t\t\t<\/div>\n\t\t\t\t<\/div>\n\t\t<div class=\"elementor-element elementor-element-6538189 e-flex e-con-boxed e-con e-parent\" data-id=\"6538189\" data-element_type=\"container\" data-e-type=\"container\">\n\t\t\t\t\t<div class=\"e-con-inner\">\n\t\t\t\t<div class=\"elementor-element elementor-element-f80227c elementor-widget elementor-widget-spacer\" data-id=\"f80227c\" data-element_type=\"widget\" data-e-type=\"widget\" data-widget_type=\"spacer.default\">\n\t\t\t\t<div class=\"elementor-widget-container\">\n\t\t\t\t\t\t\t<div class=\"elementor-spacer\">\n\t\t\t<div class=\"elementor-spacer-inner\"><\/div>\n\t\t<\/div>\n\t\t\t\t\t\t<\/div>\n\t\t\t\t<\/div>\n\t\t\t\t\t<\/div>\n\t\t\t\t<\/div>\n\t\t\t\t<\/div>\n\t\t","protected":false},"excerpt":{"rendered":"<p>Kontakte F\u00fcr technische Einblicke, Angebotsanfragen oder alle anderen Bed\u00fcrfnisse bez\u00fcglich unserer Produktion in Metalllegierungen wird unser Team gerne Sie unterst\u00fctzen und detaillierte Informationen bereitstellen. Wir stehen Ihnen zur Verf\u00fcgung: W\u00e4hlen Sie den bequemsten Kanal, um mit uns in Kontakt zu treten. BOA S.r.l. Via dell&#8217;Artigianato, 23 Montichiari (BS) Italien Telefon: 0039 (0)30 962051 Fax: 0039 [&hellip;]<\/p>\n","protected":false},"author":1,"featured_media":0,"parent":0,"menu_order":0,"comment_status":"closed","ping_status":"closed","template":"","meta":{"footnotes":""},"class_list":["post-890","page","type-page","status-publish","hentry"],"_links":{"self":[{"href":"https:\/\/www.fonderiaboa.it\/de\/wp-json\/wp\/v2\/pages\/890","targetHints":{"allow":["GET"]}}],"collection":[{"href":"https:\/\/www.fonderiaboa.it\/de\/wp-json\/wp\/v2\/pages"}],"about":[{"href":"https:\/\/www.fonderiaboa.it\/de\/wp-json\/wp\/v2\/types\/page"}],"author":[{"embeddable":true,"href":"https:\/\/www.fonderiaboa.it\/de\/wp-json\/wp\/v2\/users\/1"}],"replies":[{"embeddable":true,"href":"https:\/\/www.fonderiaboa.it\/de\/wp-json\/wp\/v2\/comments?post=890"}],"version-history":[{"count":7,"href":"https:\/\/www.fonderiaboa.it\/de\/wp-json\/wp\/v2\/pages\/890\/revisions"}],"predecessor-version":[{"id":2209,"href":"https:\/\/www.fonderiaboa.it\/de\/wp-json\/wp\/v2\/pages\/890\/revisions\/2209"}],"wp:attachment":[{"href":"https:\/\/www.fonderiaboa.it\/de\/wp-json\/wp\/v2\/media?parent=890"}],"curies":[{"name":"wp","href":"https:\/\/api.w.org\/{rel}","templated":true}]}}