{"id":2757,"date":"2024-10-06T13:03:55","date_gmt":"2024-10-06T13:03:55","guid":{"rendered":"https:\/\/www.fonderiaboa.it\/contact\/"},"modified":"2026-02-27T13:49:05","modified_gmt":"2026-02-27T13:49:05","slug":"contact","status":"publish","type":"page","link":"https:\/\/www.fonderiaboa.it\/fr\/contact\/","title":{"rendered":"Contact"},"content":{"rendered":"\t\t<div data-elementor-type=\"wp-page\" data-elementor-id=\"2757\" class=\"elementor elementor-2757 elementor-464\" data-elementor-post-type=\"page\">\n\t\t\t\t<div class=\"elementor-element elementor-element-5c651c3 e-flex e-con-boxed e-con e-parent\" data-id=\"5c651c3\" data-element_type=\"container\" data-e-type=\"container\">\n\t\t\t\t\t<div class=\"e-con-inner\">\n\t\t\t\t<div class=\"elementor-element elementor-element-8b70ebf elementor-widget elementor-widget-spacer\" data-id=\"8b70ebf\" data-element_type=\"widget\" data-e-type=\"widget\" data-widget_type=\"spacer.default\">\n\t\t\t\t<div class=\"elementor-widget-container\">\n\t\t\t\t\t\t\t<div class=\"elementor-spacer\">\n\t\t\t<div class=\"elementor-spacer-inner\"><\/div>\n\t\t<\/div>\n\t\t\t\t\t\t<\/div>\n\t\t\t\t<\/div>\n\t\t\t\t<div class=\"elementor-element elementor-element-20e2db6 elementor-widget elementor-widget-spacer\" data-id=\"20e2db6\" data-element_type=\"widget\" data-e-type=\"widget\" data-widget_type=\"spacer.default\">\n\t\t\t\t<div class=\"elementor-widget-container\">\n\t\t\t\t\t\t\t<div class=\"elementor-spacer\">\n\t\t\t<div class=\"elementor-spacer-inner\"><\/div>\n\t\t<\/div>\n\t\t\t\t\t\t<\/div>\n\t\t\t\t<\/div>\n\t\t\t\t\t<\/div>\n\t\t\t\t<\/div>\n\t\t<div class=\"elementor-element elementor-element-86461d8 e-flex e-con-boxed e-con e-parent\" data-id=\"86461d8\" data-element_type=\"container\" data-e-type=\"container\">\n\t\t\t\t\t<div class=\"e-con-inner\">\n\t\t<div class=\"elementor-element elementor-element-81a96a0 e-con-full e-flex e-con e-child\" data-id=\"81a96a0\" data-element_type=\"container\" data-e-type=\"container\">\n\t\t\t\t<div class=\"elementor-element elementor-element-a1ab50b elementor-widget elementor-widget-heading\" data-id=\"a1ab50b\" data-element_type=\"widget\" data-e-type=\"widget\" data-widget_type=\"heading.default\">\n\t\t\t\t<div class=\"elementor-widget-container\">\n\t\t\t\t\t<h1 class=\"elementor-heading-title elementor-size-default\">Contact<\/h1>\t\t\t\t<\/div>\n\t\t\t\t<\/div>\n\t\t\t\t<div class=\"elementor-element elementor-element-1651341 elementor-widget elementor-widget-text-editor\" data-id=\"1651341\" data-element_type=\"widget\" data-e-type=\"widget\" data-widget_type=\"text-editor.default\">\n\t\t\t\t<div class=\"elementor-widget-container\">\n\t\t\t\t\t\t\t\t\t<p><br>Pour des <strong>informations techniques<\/strong>, des <strong>demandes de devis<\/strong> ou <strong>tout autre besoin<\/strong> concernant nos produits en alliages m\u00e9talliques, notre personnel se fera un plaisir de vous apporter son soutien et de vous fournir des informations d\u00e9taill\u00e9es. <span style=\"text-decoration: underline;\">Nous sommes \u00e0 votre disposition<\/span><em>: choisissez le canal le plus pratique pour nous contacter.<\/em><\/p>\t\t\t\t\t\t\t\t<\/div>\n\t\t\t\t<\/div>\n\t\t\t\t<\/div>\n\t\t<div class=\"elementor-element elementor-element-1f36d41 e-con-full e-flex e-con e-child\" data-id=\"1f36d41\" data-element_type=\"container\" data-e-type=\"container\">\n\t\t\t\t<div class=\"elementor-element elementor-element-e2fd4ad elementor-widget elementor-widget-text-editor\" data-id=\"e2fd4ad\" data-element_type=\"widget\" data-e-type=\"widget\" data-widget_type=\"text-editor.default\">\n\t\t\t\t<div class=\"elementor-widget-container\">\n\t\t\t\t\t\t\t\t\t<p class=\"v1v1msonormal\"><strong>BOA S.r.l.<\/strong><\/p><p class=\"v1v1msonormal\">Via dell&rsquo;Artigianato, 23<\/p><p class=\"v1v1msonormal\">Montichiari (BS) Italie<\/p><p class=\"v1v1msonormal\">T\u00e9l. 0039 (0)30 962051<\/p><p class=\"v1v1msonormal\">Fax 0039 (0)30 9961114<\/p><p class=\"v1v1msonormal\"><a href=\"mailto:boasrl@boasrl.it\" rel=\"noreferrer\"><u>boasrl@boasrl.it<\/u><\/a><\/p><p class=\"v1v1msonormal\"><span style=\"text-decoration: underline;\">Nos bureaux sont ouverts en semaine du lundi au vendredi de 8h \u00e0 12h et de 13h30 \u00e0 17h30.<\/span><\/p>\t\t\t\t\t\t\t\t<\/div>\n\t\t\t\t<\/div>\n\t\t\t\t<\/div>\n\t\t\t\t\t<\/div>\n\t\t\t\t<\/div>\n\t\t<div class=\"elementor-element elementor-element-6538189 e-flex e-con-boxed e-con e-parent\" data-id=\"6538189\" data-element_type=\"container\" data-e-type=\"container\">\n\t\t\t\t\t<div class=\"e-con-inner\">\n\t\t\t\t<div class=\"elementor-element elementor-element-f80227c elementor-widget elementor-widget-spacer\" data-id=\"f80227c\" data-element_type=\"widget\" data-e-type=\"widget\" data-widget_type=\"spacer.default\">\n\t\t\t\t<div class=\"elementor-widget-container\">\n\t\t\t\t\t\t\t<div class=\"elementor-spacer\">\n\t\t\t<div class=\"elementor-spacer-inner\"><\/div>\n\t\t<\/div>\n\t\t\t\t\t\t<\/div>\n\t\t\t\t<\/div>\n\t\t\t\t\t<\/div>\n\t\t\t\t<\/div>\n\t\t\t\t<\/div>\n\t\t","protected":false},"excerpt":{"rendered":"<p>Contact Pour des informations techniques, des demandes de devis ou tout autre besoin concernant nos produits en alliages m\u00e9talliques, notre personnel se fera un plaisir de vous apporter son soutien et de vous fournir des informations d\u00e9taill\u00e9es. Nous sommes \u00e0 votre disposition: choisissez le canal le plus pratique pour nous contacter. BOA S.r.l. Via dell&rsquo;Artigianato, [&hellip;]<\/p>\n","protected":false},"author":1,"featured_media":0,"parent":0,"menu_order":0,"comment_status":"closed","ping_status":"closed","template":"","meta":{"footnotes":""},"class_list":["post-2757","page","type-page","status-publish","hentry"],"_links":{"self":[{"href":"https:\/\/www.fonderiaboa.it\/fr\/wp-json\/wp\/v2\/pages\/2757","targetHints":{"allow":["GET"]}}],"collection":[{"href":"https:\/\/www.fonderiaboa.it\/fr\/wp-json\/wp\/v2\/pages"}],"about":[{"href":"https:\/\/www.fonderiaboa.it\/fr\/wp-json\/wp\/v2\/types\/page"}],"author":[{"embeddable":true,"href":"https:\/\/www.fonderiaboa.it\/fr\/wp-json\/wp\/v2\/users\/1"}],"replies":[{"embeddable":true,"href":"https:\/\/www.fonderiaboa.it\/fr\/wp-json\/wp\/v2\/comments?post=2757"}],"version-history":[{"count":2,"href":"https:\/\/www.fonderiaboa.it\/fr\/wp-json\/wp\/v2\/pages\/2757\/revisions"}],"predecessor-version":[{"id":2761,"href":"https:\/\/www.fonderiaboa.it\/fr\/wp-json\/wp\/v2\/pages\/2757\/revisions\/2761"}],"wp:attachment":[{"href":"https:\/\/www.fonderiaboa.it\/fr\/wp-json\/wp\/v2\/media?parent=2757"}],"curies":[{"name":"wp","href":"https:\/\/api.w.org\/{rel}","templated":true}]}}