{"id":2762,"date":"2024-10-01T21:36:24","date_gmt":"2024-10-01T21:36:24","guid":{"rendered":"https:\/\/www.fonderiaboa.it\/cc493k\/"},"modified":"2026-02-27T16:54:52","modified_gmt":"2026-02-27T16:54:52","slug":"cc493k","status":"publish","type":"page","link":"https:\/\/www.fonderiaboa.it\/fr\/cc493k\/","title":{"rendered":"CC493K"},"content":{"rendered":"\t\t<div data-elementor-type=\"wp-page\" data-elementor-id=\"2762\" class=\"elementor elementor-2762 elementor-246\" data-elementor-post-type=\"page\">\n\t\t\t\t<div class=\"elementor-element elementor-element-70874e3 e-flex e-con-boxed e-con e-parent\" data-id=\"70874e3\" data-element_type=\"container\" data-e-type=\"container\">\n\t\t\t\t\t<div class=\"e-con-inner\">\n\t\t\t\t<div class=\"elementor-element elementor-element-4fa51af elementor-widget elementor-widget-heading\" data-id=\"4fa51af\" data-element_type=\"widget\" data-e-type=\"widget\" data-widget_type=\"heading.default\">\n\t\t\t\t<div class=\"elementor-widget-container\">\n\t\t\t\t\t<h1 class=\"elementor-heading-title elementor-size-default\">CC493K<\/h1>\t\t\t\t<\/div>\n\t\t\t\t<\/div>\n\t\t\t\t<div class=\"elementor-element elementor-element-f499474 elementor-hidden-desktop elementor-invisible elementor-widget elementor-widget-heading\" data-id=\"f499474\" data-element_type=\"widget\" data-e-type=\"widget\" data-settings=\"{&quot;_animation&quot;:&quot;fadeIn&quot;}\" data-widget_type=\"heading.default\">\n\t\t\t\t<div class=\"elementor-widget-container\">\n\t\t\t\t\t<h2 class=\"elementor-heading-title elementor-size-default\">Faites d\u00e9filer vers la droite pour voir les valeurs<\/h2>\t\t\t\t<\/div>\n\t\t\t\t<\/div>\n\t\t\t\t<div class=\"elementor-element elementor-element-30066de elementor-widget elementor-widget-html\" data-id=\"30066de\" data-element_type=\"widget\" data-e-type=\"widget\" data-widget_type=\"html.default\">\n\t\t\t\t<div class=\"elementor-widget-container\">\n\t\t\t\t\t<!-- Tabella 1 - Analisi Chimica -->\n<style>\n  .responsive-table {\n    width: 100%;\n    overflow-x: auto;\n    display: block;\n  }\n  table {\n    border-collapse: collapse;\n    width: 100%;\n  }\n  th, td {\n    border: 1px solid black;\n    padding: 5px;\n    text-align: center;\n  }\n  @media screen and (max-width: 768px) {\n    td, th {\n      font-size: 12px;\n      padding: 3px;\n    }\n  }\n<\/style>\n<div class=\"responsive-table\">\n  <table>\n    <tr>\n      <td rowspan=\"2\">Norme de r\u00e9f\u00e9rence<br><strong>CC493K-GC<\/strong><br>UNI EN 1982<\/td>\n      <td colspan=\"13\"><strong>Analyse<\/strong> chimique<strong>%<\/strong><br>Composition chimique<\/td>\n    <\/tr>\n    <tr>\n      <td>Sn%<\/td>\n      <td>Zn%<\/td>\n      <td>Pb%<\/td>\n      <td>Fe%<\/td>\n      <td>Ni%<\/td>\n      <td>Al%<\/td>\n      <td>P%<\/td>\n      <td>Si%<\/td>\n      <td>Mn%<\/td>\n      <td>Sb%<\/td>\n      <td>As%<\/td>\n      <td>Cu%<\/td>\n      <td>Rest<\/td>\n    <\/tr>\n    <tr>\n      <td>Min<\/td>\n      <td>6,00<\/td>\n      <td>2,00<\/td>\n      <td>5,00<\/td>\n      <td>-<\/td>\n      <td>-<\/td>\n      <td>-<\/td>\n      <td>-<\/td>\n      <td>-<\/td>\n      <td>-<\/td>\n      <td>-<\/td>\n      <td>-<\/td>\n      <td>81,00<\/td>\n      <td>-<\/td>\n    <\/tr>\n    <tr>\n      <td>Max<\/td>\n      <td>8,00<\/td>\n      <td>5,00<\/td>\n      <td>8,00<\/td>\n      <td>0,20<\/td>\n      <td>2,00<\/td>\n      <td>0,01<\/td>\n      <td>0,10<\/td>\n      <td>0,01<\/td>\n      <td>0,20<\/td>\n      <td>0,30<\/td>\n      <td>-<\/td>\n      <td>85,00<\/td>\n      <td>-<\/td>\n    <\/tr>\n  <\/table>\n<\/div>\n\n<!-- Tabella 2 - Propriet\u00e0 Meccaniche -->\n<div class=\"responsive-table\">\n  <table>\n    <tr>\n      <td rowspan=\"2\"><strong>Processus de coul\u00e9e et d\u00e9signation<\/strong><\/td>\n      <td colspan=\"4\"><strong>Propri\u00e9t\u00e9s m\u00e9caniques<\/strong><\/td>\n    <\/tr>\n    <tr>\n      <td>Limite d'\u00e9lasticit\u00e9<br>Rp 0.2 N\/mm\u00b2<\/td>\n      <td>R\u00e9sistance \u00e0 la traction<br>Rm N\/mm\u00b2<\/td>\n      <td>Allongement \u00e0 la rupture<br>A%<\/td>\n      <td>Duret\u00e9 Brinell<br>HB<\/td>\n    <\/tr>\n    <tr>\n      <td>Moulage au sable<br>-GS<\/td>\n      <td>120<\/td>\n      <td>230<\/td>\n      <td>15<\/td>\n      <td>60<\/td>\n    <\/tr>\n    <tr>\n      <td>Moulage de la carapace<br>-GM<\/td>\n      <td>120<\/td>\n      <td>230<\/td>\n      <td>12<\/td>\n      <td>60<\/td>\n    <\/tr>\n    <tr>\n      <td>Centrifugeuse en fonte<br>-GZ<\/td>\n      <td>120<\/td>\n      <td>260<\/td>\n      <td>12<\/td>\n      <td>70<\/td>\n    <\/tr>\n    <tr>\n      <td>Coul\u00e9e continue<br>-GC<\/td>\n      <td>120<\/td>\n      <td>260<\/td>\n      <td>12<\/td>\n      <td>70<\/td>\n    <\/tr>\n  <\/table>\n<\/div>\n\t\t\t\t<\/div>\n\t\t\t\t<\/div>\n\t\t\t\t\t<\/div>\n\t\t\t\t<\/div>\n\t\t<div class=\"elementor-element elementor-element-ef27232 e-flex e-con-boxed e-con e-parent\" data-id=\"ef27232\" data-element_type=\"container\" data-e-type=\"container\">\n\t\t\t\t\t<div class=\"e-con-inner\">\n\t\t\t\t<div class=\"elementor-element elementor-element-d226f6f elementor-widget elementor-widget-text-editor\" data-id=\"d226f6f\" data-element_type=\"widget\" data-e-type=\"widget\" data-widget_type=\"text-editor.default\">\n\t\t\t\t<div class=\"elementor-widget-container\">\n\t\t\t\t\t\t\t\t\t<p><strong>Application :<\/strong><\/p><p><span class=\"s6\">Alliage g\u00e9n\u00e9ralement utilis\u00e9 pour les robinets, les vannes d&rsquo;eau froide et d&rsquo;eau chaude, les raccords, les bagues et les supports r\u00e9sistants \u00e0 l&rsquo;usure.<\/span> <span class=\"s6\">supports r\u00e9sistants \u00e0 l&rsquo;usure<\/span><span class=\"s6\">.<\/span><\/p>\t\t\t\t\t\t\t\t<\/div>\n\t\t\t\t<\/div>\n\t\t\t\t\t<\/div>\n\t\t\t\t<\/div>\n\t\t<div class=\"elementor-element elementor-element-54db855 e-flex e-con-boxed e-con e-parent\" data-id=\"54db855\" data-element_type=\"container\" data-e-type=\"container\">\n\t\t\t\t\t<div class=\"e-con-inner\">\n\t\t\t\t<div class=\"elementor-element elementor-element-0b573b6 elementor-widget elementor-widget-text-editor\" data-id=\"0b573b6\" data-element_type=\"widget\" data-e-type=\"widget\" data-widget_type=\"text-editor.default\">\n\t\t\t\t<div class=\"elementor-widget-container\">\n\t\t\t\t\t\t\t\t\t<p><em><strong>N.B. :<\/strong> Pour de plus amples informations, veuillez contacter notre<\/em> <a href=\"https:\/\/www.fonderiaboa.it\/fr\/contact\/\"><em>D\u00e9partement commercial<\/em><\/a><\/p>\t\t\t\t\t\t\t\t<\/div>\n\t\t\t\t<\/div>\n\t\t\t\t\t<\/div>\n\t\t\t\t<\/div>\n\t\t<div class=\"elementor-element elementor-element-a31658d e-flex e-con-boxed e-con e-parent\" data-id=\"a31658d\" data-element_type=\"container\" data-e-type=\"container\">\n\t\t\t\t\t<div class=\"e-con-inner\">\n\t\t\t\t<div class=\"elementor-element elementor-element-db235da elementor-widget elementor-widget-spacer\" data-id=\"db235da\" data-element_type=\"widget\" data-e-type=\"widget\" data-widget_type=\"spacer.default\">\n\t\t\t\t<div class=\"elementor-widget-container\">\n\t\t\t\t\t\t\t<div class=\"elementor-spacer\">\n\t\t\t<div class=\"elementor-spacer-inner\"><\/div>\n\t\t<\/div>\n\t\t\t\t\t\t<\/div>\n\t\t\t\t<\/div>\n\t\t\t\t<div class=\"elementor-element elementor-element-6b2adae elementor-align-left elementor-widget elementor-widget-button\" data-id=\"6b2adae\" data-element_type=\"widget\" data-e-type=\"widget\" data-widget_type=\"button.default\">\n\t\t\t\t<div class=\"elementor-widget-container\">\n\t\t\t\t\t\t\t\t\t<div class=\"elementor-button-wrapper\">\n\t\t\t\t\t<a class=\"elementor-button elementor-button-link elementor-size-sm\" href=\"https:\/\/www.fonderiaboa.it\/prodotti_e_servizi\/\">\n\t\t\t\t\t\t<span class=\"elementor-button-content-wrapper\">\n\t\t\t\t\t\t\t\t\t<span class=\"elementor-button-text\">Retour \u00e0 \"Produits et services<\/span>\n\t\t\t\t\t<\/span>\n\t\t\t\t\t<\/a>\n\t\t\t\t<\/div>\n\t\t\t\t\t\t\t\t<\/div>\n\t\t\t\t<\/div>\n\t\t\t\t\t<\/div>\n\t\t\t\t<\/div>\n\t\t<div class=\"elementor-element elementor-element-26f24bb e-flex e-con-boxed e-con e-parent\" data-id=\"26f24bb\" data-element_type=\"container\" data-e-type=\"container\">\n\t\t\t\t\t<div class=\"e-con-inner\">\n\t\t\t\t<div class=\"elementor-element elementor-element-052b740 elementor-widget elementor-widget-spacer\" data-id=\"052b740\" data-element_type=\"widget\" data-e-type=\"widget\" data-widget_type=\"spacer.default\">\n\t\t\t\t<div class=\"elementor-widget-container\">\n\t\t\t\t\t\t\t<div class=\"elementor-spacer\">\n\t\t\t<div class=\"elementor-spacer-inner\"><\/div>\n\t\t<\/div>\n\t\t\t\t\t\t<\/div>\n\t\t\t\t<\/div>\n\t\t\t\t\t<\/div>\n\t\t\t\t<\/div>\n\t\t\t\t<\/div>\n\t\t","protected":false},"excerpt":{"rendered":"<p>CC493K Faites d\u00e9filer vers la droite pour voir les valeurs Norme de r\u00e9f\u00e9renceCC493K-GCUNI EN 1982 Analyse chimique%Composition chimique Sn% Zn% Pb% Fe% Ni% Al% P% Si% Mn% Sb% As% Cu% Rest Min 6,00 2,00 5,00 &#8211; &#8211; &#8211; &#8211; &#8211; &#8211; &#8211; &#8211; 81,00 &#8211; Max 8,00 5,00 8,00 0,20 2,00 0,01 0,10 0,01 0,20 [&hellip;]<\/p>\n","protected":false},"author":1,"featured_media":2764,"parent":0,"menu_order":0,"comment_status":"closed","ping_status":"closed","template":"elementor_header_footer","meta":{"footnotes":""},"class_list":["post-2762","page","type-page","status-publish","has-post-thumbnail","hentry"],"_links":{"self":[{"href":"https:\/\/www.fonderiaboa.it\/fr\/wp-json\/wp\/v2\/pages\/2762","targetHints":{"allow":["GET"]}}],"collection":[{"href":"https:\/\/www.fonderiaboa.it\/fr\/wp-json\/wp\/v2\/pages"}],"about":[{"href":"https:\/\/www.fonderiaboa.it\/fr\/wp-json\/wp\/v2\/types\/page"}],"author":[{"embeddable":true,"href":"https:\/\/www.fonderiaboa.it\/fr\/wp-json\/wp\/v2\/users\/1"}],"replies":[{"embeddable":true,"href":"https:\/\/www.fonderiaboa.it\/fr\/wp-json\/wp\/v2\/comments?post=2762"}],"version-history":[{"count":4,"href":"https:\/\/www.fonderiaboa.it\/fr\/wp-json\/wp\/v2\/pages\/2762\/revisions"}],"predecessor-version":[{"id":2854,"href":"https:\/\/www.fonderiaboa.it\/fr\/wp-json\/wp\/v2\/pages\/2762\/revisions\/2854"}],"wp:featuredmedia":[{"embeddable":true,"href":"https:\/\/www.fonderiaboa.it\/fr\/wp-json\/wp\/v2\/media\/2764"}],"wp:attachment":[{"href":"https:\/\/www.fonderiaboa.it\/fr\/wp-json\/wp\/v2\/media?parent=2762"}],"curies":[{"name":"wp","href":"https:\/\/api.w.org\/{rel}","templated":true}]}}