{"id":2763,"date":"2024-09-15T13:24:36","date_gmt":"2024-09-15T13:24:36","guid":{"rendered":"https:\/\/www.fonderiaboa.it\/certifications\/"},"modified":"2026-02-27T13:52:54","modified_gmt":"2026-02-27T13:52:54","slug":"certifications","status":"publish","type":"page","link":"https:\/\/www.fonderiaboa.it\/fr\/certifications\/","title":{"rendered":"Certifications"},"content":{"rendered":"\t\t<div data-elementor-type=\"wp-page\" data-elementor-id=\"2763\" class=\"elementor elementor-2763 elementor-214\" data-elementor-post-type=\"page\">\n\t\t\t\t<div class=\"elementor-element elementor-element-044ebdd e-flex e-con-boxed e-con e-parent\" data-id=\"044ebdd\" data-element_type=\"container\" data-e-type=\"container\">\n\t\t\t\t\t<div class=\"e-con-inner\">\n\t\t\t\t<div class=\"elementor-element elementor-element-1b33382 elementor-hidden-tablet elementor-widget elementor-widget-spacer\" data-id=\"1b33382\" data-element_type=\"widget\" data-e-type=\"widget\" data-widget_type=\"spacer.default\">\n\t\t\t\t<div class=\"elementor-widget-container\">\n\t\t\t\t\t\t\t<div class=\"elementor-spacer\">\n\t\t\t<div class=\"elementor-spacer-inner\"><\/div>\n\t\t<\/div>\n\t\t\t\t\t\t<\/div>\n\t\t\t\t<\/div>\n\t\t\t\t<div class=\"elementor-element elementor-element-2c8b96c elementor-widget elementor-widget-heading\" data-id=\"2c8b96c\" data-element_type=\"widget\" data-e-type=\"widget\" data-widget_type=\"heading.default\">\n\t\t\t\t<div class=\"elementor-widget-container\">\n\t\t\t\t\t<h2 class=\"elementor-heading-title elementor-size-default\">Certifications<\/h2>\t\t\t\t<\/div>\n\t\t\t\t<\/div>\n\t\t\t\t<div class=\"elementor-element elementor-element-a1662fa elementor-widget elementor-widget-spacer\" data-id=\"a1662fa\" data-element_type=\"widget\" data-e-type=\"widget\" data-widget_type=\"spacer.default\">\n\t\t\t\t<div class=\"elementor-widget-container\">\n\t\t\t\t\t\t\t<div class=\"elementor-spacer\">\n\t\t\t<div class=\"elementor-spacer-inner\"><\/div>\n\t\t<\/div>\n\t\t\t\t\t\t<\/div>\n\t\t\t\t<\/div>\n\t\t\t\t<div class=\"elementor-element elementor-element-4e5676a elementor-widget elementor-widget-text-editor\" data-id=\"4e5676a\" data-element_type=\"widget\" data-e-type=\"widget\" data-widget_type=\"text-editor.default\">\n\t\t\t\t<div class=\"elementor-widget-container\">\n\t\t\t\t\t\t\t\t\t<p>Notre entreprise s&rsquo;engage \u00e0 garantir la <strong>plus haute qualit\u00e9 et le respect des normes<\/strong> environnementales dans tous ses processus. Avec les certifications <strong>TUV ISO 14001 et ISO 9001<\/strong>, nous veillons \u00e0 maintenir des niveaux \u00e9lev\u00e9s d&rsquo;efficacit\u00e9 et de durabilit\u00e9, en offrant des produits et des services qui r\u00e9pondent \u00e0 des <strong>crit\u00e8res stricts d&rsquo;excellence et de responsabilit\u00e9<\/strong> environnementale. <\/p>\t\t\t\t\t\t\t\t<\/div>\n\t\t\t\t<\/div>\n\t\t\t\t<div class=\"elementor-element elementor-element-0e70542 elementor-widget elementor-widget-spacer\" data-id=\"0e70542\" data-element_type=\"widget\" data-e-type=\"widget\" data-widget_type=\"spacer.default\">\n\t\t\t\t<div class=\"elementor-widget-container\">\n\t\t\t\t\t\t\t<div class=\"elementor-spacer\">\n\t\t\t<div class=\"elementor-spacer-inner\"><\/div>\n\t\t<\/div>\n\t\t\t\t\t\t<\/div>\n\t\t\t\t<\/div>\n\t\t\t\t\t<\/div>\n\t\t\t\t<\/div>\n\t\t<div class=\"elementor-element elementor-element-93e664e e-flex e-con-boxed e-con e-parent\" data-id=\"93e664e\" data-element_type=\"container\" data-e-type=\"container\">\n\t\t\t\t\t<div class=\"e-con-inner\">\n\t\t<div class=\"elementor-element elementor-element-ef67c0c e-con-full e-flex e-con e-child\" data-id=\"ef67c0c\" data-element_type=\"container\" data-e-type=\"container\">\n\t\t\t\t<div class=\"elementor-element elementor-element-bb1a1b3 elementor-widget elementor-widget-image\" data-id=\"bb1a1b3\" data-element_type=\"widget\" data-e-type=\"widget\" data-widget_type=\"image.default\">\n\t\t\t\t<div class=\"elementor-widget-container\">\n\t\t\t\t\t\t\t\t\t\t\t\t\t\t\t\t<a href=\"https:\/\/www.fonderiaboa.it\/wp-content\/uploads\/2024\/10\/Certificato-ISO-14001.pdf\">\n\t\t\t\t\t\t\t<img fetchpriority=\"high\" decoding=\"async\" width=\"670\" height=\"1024\" src=\"https:\/\/www.fonderiaboa.it\/wp-content\/uploads\/2024\/11\/14001_a-e1731842641444-670x1024.png\" class=\"attachment-large size-large wp-image-2765\" alt=\"\" srcset=\"https:\/\/www.fonderiaboa.it\/wp-content\/uploads\/2024\/11\/14001_a-e1731842641444-670x1024.png 670w, https:\/\/www.fonderiaboa.it\/wp-content\/uploads\/2024\/11\/14001_a-e1731842641444-196x300.png 196w, https:\/\/www.fonderiaboa.it\/wp-content\/uploads\/2024\/11\/14001_a-e1731842641444-768x1173.png 768w, https:\/\/www.fonderiaboa.it\/wp-content\/uploads\/2024\/11\/14001_a-e1731842641444-1006x1536.png 1006w, https:\/\/www.fonderiaboa.it\/wp-content\/uploads\/2024\/11\/14001_a-e1731842641444.png 1160w\" sizes=\"(max-width: 670px) 100vw, 670px\" \/>\t\t\t\t\t\t\t\t<\/a>\n\t\t\t\t\t\t\t\t\t\t\t\t\t\t\t<\/div>\n\t\t\t\t<\/div>\n\t\t\t\t<div class=\"elementor-element elementor-element-5157895 elementor-align-center elementor-widget__width-inherit elementor-widget elementor-widget-button\" data-id=\"5157895\" data-element_type=\"widget\" data-e-type=\"widget\" data-widget_type=\"button.default\">\n\t\t\t\t<div class=\"elementor-widget-container\">\n\t\t\t\t\t\t\t\t\t<div class=\"elementor-button-wrapper\">\n\t\t\t\t\t<a class=\"elementor-button elementor-button-link elementor-size-sm\" href=\"https:\/\/www.fonderiaboa.it\/wp-content\/uploads\/2024\/10\/Certificato-ISO-14001.pdf\">\n\t\t\t\t\t\t<span class=\"elementor-button-content-wrapper\">\n\t\t\t\t\t\t\t\t\t<span class=\"elementor-button-text\">Certifi\u00e9 UNI EN ISO 14001:2015<\/span>\n\t\t\t\t\t<\/span>\n\t\t\t\t\t<\/a>\n\t\t\t\t<\/div>\n\t\t\t\t\t\t\t\t<\/div>\n\t\t\t\t<\/div>\n\t\t\t\t<\/div>\n\t\t<div class=\"elementor-element elementor-element-44e8347 e-con-full e-flex e-con e-child\" data-id=\"44e8347\" data-element_type=\"container\" data-e-type=\"container\">\n\t\t\t\t<div class=\"elementor-element elementor-element-c6bd00a elementor-widget elementor-widget-image\" data-id=\"c6bd00a\" data-element_type=\"widget\" data-e-type=\"widget\" data-widget_type=\"image.default\">\n\t\t\t\t<div class=\"elementor-widget-container\">\n\t\t\t\t\t\t\t\t\t\t\t\t\t\t\t\t<a href=\"https:\/\/www.fonderiaboa.it\/wp-content\/uploads\/2024\/10\/CERTIFICATO-TUV-ISO-9001-scad.27.pdf\">\n\t\t\t\t\t\t\t<img decoding=\"async\" width=\"671\" height=\"1024\" src=\"https:\/\/www.fonderiaboa.it\/wp-content\/uploads\/2024\/11\/9001_a-e1731842675947-671x1024.png\" class=\"attachment-large size-large wp-image-2767\" alt=\"\" srcset=\"https:\/\/www.fonderiaboa.it\/wp-content\/uploads\/2024\/11\/9001_a-e1731842675947-671x1024.png 671w, https:\/\/www.fonderiaboa.it\/wp-content\/uploads\/2024\/11\/9001_a-e1731842675947-196x300.png 196w, https:\/\/www.fonderiaboa.it\/wp-content\/uploads\/2024\/11\/9001_a-e1731842675947-768x1173.png 768w, https:\/\/www.fonderiaboa.it\/wp-content\/uploads\/2024\/11\/9001_a-e1731842675947-1006x1536.png 1006w, https:\/\/www.fonderiaboa.it\/wp-content\/uploads\/2024\/11\/9001_a-e1731842675947.png 1163w\" sizes=\"(max-width: 671px) 100vw, 671px\" \/>\t\t\t\t\t\t\t\t<\/a>\n\t\t\t\t\t\t\t\t\t\t\t\t\t\t\t<\/div>\n\t\t\t\t<\/div>\n\t\t\t\t<div class=\"elementor-element elementor-element-2f7124f elementor-align-center elementor-widget__width-inherit elementor-mobile-align-justify elementor-widget elementor-widget-button\" data-id=\"2f7124f\" data-element_type=\"widget\" data-e-type=\"widget\" data-widget_type=\"button.default\">\n\t\t\t\t<div class=\"elementor-widget-container\">\n\t\t\t\t\t\t\t\t\t<div class=\"elementor-button-wrapper\">\n\t\t\t\t\t<a class=\"elementor-button elementor-button-link elementor-size-sm\" href=\"https:\/\/www.fonderiaboa.it\/wp-content\/uploads\/2024\/10\/CERTIFICATO-TUV-ISO-9001-scad.27.pdf\">\n\t\t\t\t\t\t<span class=\"elementor-button-content-wrapper\">\n\t\t\t\t\t\t\t\t\t<span class=\"elementor-button-text\">Certifi\u00e9 UNI EN ISO 9001:2015<\/span>\n\t\t\t\t\t<\/span>\n\t\t\t\t\t<\/a>\n\t\t\t\t<\/div>\n\t\t\t\t\t\t\t\t<\/div>\n\t\t\t\t<\/div>\n\t\t\t\t<\/div>\n\t\t\t\t\t<\/div>\n\t\t\t\t<\/div>\n\t\t<div class=\"elementor-element elementor-element-0532f46 e-flex e-con-boxed e-con e-parent\" data-id=\"0532f46\" data-element_type=\"container\" data-e-type=\"container\">\n\t\t\t\t\t<div class=\"e-con-inner\">\n\t\t\t\t<div class=\"elementor-element elementor-element-ad991b2 elementor-widget elementor-widget-text-editor\" data-id=\"ad991b2\" data-element_type=\"widget\" data-e-type=\"widget\" data-widget_type=\"text-editor.default\">\n\t\t\t\t<div class=\"elementor-widget-container\">\n\t\t\t\t\t\t\t\t\t<p>Cliquez sur les cases ci-dessus pour voir les certifications.<\/p>\t\t\t\t\t\t\t\t<\/div>\n\t\t\t\t<\/div>\n\t\t\t\t\t<\/div>\n\t\t\t\t<\/div>\n\t\t<div class=\"elementor-element elementor-element-b54928d e-flex e-con-boxed e-con e-parent\" data-id=\"b54928d\" data-element_type=\"container\" data-e-type=\"container\">\n\t\t\t\t\t<div class=\"e-con-inner\">\n\t\t\t\t<div class=\"elementor-element elementor-element-7639ab6 elementor-widget elementor-widget-spacer\" data-id=\"7639ab6\" data-element_type=\"widget\" data-e-type=\"widget\" data-widget_type=\"spacer.default\">\n\t\t\t\t<div class=\"elementor-widget-container\">\n\t\t\t\t\t\t\t<div class=\"elementor-spacer\">\n\t\t\t<div class=\"elementor-spacer-inner\"><\/div>\n\t\t<\/div>\n\t\t\t\t\t\t<\/div>\n\t\t\t\t<\/div>\n\t\t\t\t\t<\/div>\n\t\t\t\t<\/div>\n\t\t\t\t<\/div>\n\t\t","protected":false},"excerpt":{"rendered":"<p>Certifications Notre entreprise s&rsquo;engage \u00e0 garantir la plus haute qualit\u00e9 et le respect des normes environnementales dans tous ses processus. Avec les certifications TUV ISO 14001 et ISO 9001, nous veillons \u00e0 maintenir des niveaux \u00e9lev\u00e9s d&rsquo;efficacit\u00e9 et de durabilit\u00e9, en offrant des produits et des services qui r\u00e9pondent \u00e0 des crit\u00e8res stricts d&rsquo;excellence et [&hellip;]<\/p>\n","protected":false},"author":1,"featured_media":0,"parent":0,"menu_order":0,"comment_status":"closed","ping_status":"closed","template":"","meta":{"footnotes":""},"class_list":["post-2763","page","type-page","status-publish","hentry"],"_links":{"self":[{"href":"https:\/\/www.fonderiaboa.it\/fr\/wp-json\/wp\/v2\/pages\/2763","targetHints":{"allow":["GET"]}}],"collection":[{"href":"https:\/\/www.fonderiaboa.it\/fr\/wp-json\/wp\/v2\/pages"}],"about":[{"href":"https:\/\/www.fonderiaboa.it\/fr\/wp-json\/wp\/v2\/types\/page"}],"author":[{"embeddable":true,"href":"https:\/\/www.fonderiaboa.it\/fr\/wp-json\/wp\/v2\/users\/1"}],"replies":[{"embeddable":true,"href":"https:\/\/www.fonderiaboa.it\/fr\/wp-json\/wp\/v2\/comments?post=2763"}],"version-history":[{"count":2,"href":"https:\/\/www.fonderiaboa.it\/fr\/wp-json\/wp\/v2\/pages\/2763\/revisions"}],"predecessor-version":[{"id":2769,"href":"https:\/\/www.fonderiaboa.it\/fr\/wp-json\/wp\/v2\/pages\/2763\/revisions\/2769"}],"wp:attachment":[{"href":"https:\/\/www.fonderiaboa.it\/fr\/wp-json\/wp\/v2\/media?parent=2763"}],"curies":[{"name":"wp","href":"https:\/\/api.w.org\/{rel}","templated":true}]}}