{"id":2771,"date":"2024-09-15T13:31:51","date_gmt":"2024-09-15T13:31:51","guid":{"rendered":"https:\/\/www.fonderiaboa.it\/cc333g\/"},"modified":"2026-02-27T16:53:47","modified_gmt":"2026-02-27T16:53:47","slug":"cc333g","status":"publish","type":"page","link":"https:\/\/www.fonderiaboa.it\/fr\/cc333g\/","title":{"rendered":"CC333G"},"content":{"rendered":"\t\t<div data-elementor-type=\"wp-page\" data-elementor-id=\"2771\" class=\"elementor elementor-2771 elementor-216\" data-elementor-post-type=\"page\">\n\t\t\t\t<div class=\"elementor-element elementor-element-60f401c e-flex e-con-boxed e-con e-parent\" data-id=\"60f401c\" data-element_type=\"container\" data-e-type=\"container\">\n\t\t\t\t\t<div class=\"e-con-inner\">\n\t\t\t\t<div class=\"elementor-element elementor-element-972b812 elementor-widget elementor-widget-heading\" data-id=\"972b812\" data-element_type=\"widget\" data-e-type=\"widget\" data-widget_type=\"heading.default\">\n\t\t\t\t<div class=\"elementor-widget-container\">\n\t\t\t\t\t<h1 class=\"elementor-heading-title elementor-size-default\">CC333G<\/h1>\t\t\t\t<\/div>\n\t\t\t\t<\/div>\n\t\t\t\t<div class=\"elementor-element elementor-element-706d3d9 elementor-hidden-desktop elementor-invisible elementor-widget elementor-widget-heading\" data-id=\"706d3d9\" data-element_type=\"widget\" data-e-type=\"widget\" data-settings=\"{&quot;_animation&quot;:&quot;fadeIn&quot;}\" data-widget_type=\"heading.default\">\n\t\t\t\t<div class=\"elementor-widget-container\">\n\t\t\t\t\t<h2 class=\"elementor-heading-title elementor-size-default\">Faites d\u00e9filer vers la droite pour voir les valeurs<\/h2>\t\t\t\t<\/div>\n\t\t\t\t<\/div>\n\t\t\t\t<div class=\"elementor-element elementor-element-a5df804 elementor-widget elementor-widget-html\" data-id=\"a5df804\" data-element_type=\"widget\" data-e-type=\"widget\" data-widget_type=\"html.default\">\n\t\t\t\t<div class=\"elementor-widget-container\">\n\t\t\t\t\t<!-- Tabella 1 - Analisi Chimica -->\n<style>\n  .responsive-table {\n    width: 100%;\n    overflow-x: auto;\n    display: block;\n  }\n  table {\n    border-collapse: collapse;\n    width: 100%;\n  }\n  th, td {\n    border: 1px solid black;\n    padding: 5px;\n    text-align: center;\n  }\n  @media screen and (max-width: 768px) {\n    td, th {\n      font-size: 12px;\n      padding: 3px;\n    }\n  }\n<\/style>\n<div class=\"responsive-table\">\n  <table>\n    <tr>\n      <td rowspan=\"2\">Norme de r\u00e9f\u00e9rence<br><strong>CC333G-GC<\/strong><br>UNI EN 1982<\/td>\n      <td colspan=\"13\"><strong>Analyse<\/strong> chimique<strong>%<\/strong><br>Composition chimique<\/td>\n    <\/tr>\n    <tr>\n      <td>Sn%<\/td>\n      <td>Zn%<\/td>\n      <td>Pb%<\/td>\n      <td>Fe%<\/td>\n      <td>Ni%<\/td>\n      <td>Al%<\/td>\n      <td>P%<\/td>\n      <td>Si%<\/td>\n      <td>Mn%<\/td>\n      <td>Sb%<\/td>\n      <td>As%<\/td>\n      <td>Cu%<\/td>\n      <td>Rest<\/td>\n    <\/tr>\n    <tr>\n      <td>Min<\/td>\n      <td>-<\/td>\n      <td>-<\/td>\n      <td>-<\/td>\n      <td>4,00<\/td>\n      <td>4,00<\/td>\n      <td>8,50<\/td>\n      <td>-<\/td>\n      <td>-<\/td>\n      <td>-<\/td>\n      <td>-<\/td>\n      <td>-<\/td>\n      <td>76,00<\/td>\n      <td>-<\/td>\n    <\/tr>\n    <tr>\n      <td>Max<\/td>\n      <td>0,10<\/td>\n      <td>0,50<\/td>\n      <td>0,03<\/td>\n      <td>5,50<\/td>\n      <td>6,00<\/td>\n      <td>10,50<\/td>\n      <td>-<\/td>\n      <td>0,10<\/td>\n      <td>3,00<\/td>\n      <td>-<\/td>\n      <td>-<\/td>\n      <td>83,00<\/td>\n      <td>-<\/td>\n    <\/tr>\n  <\/table>\n<\/div>\n\n<!-- Tabella 2 - Propriet\u00e0 Meccaniche -->\n<div class=\"responsive-table\">\n  <table>\n    <tr>\n      <td rowspan=\"2\"><strong>Processus de coul\u00e9e et d\u00e9signation<\/strong><\/td>\n      <td colspan=\"4\"><strong>Propri\u00e9t\u00e9s m\u00e9caniques<\/strong><\/td>\n    <\/tr>\n    <tr>\n      <td>Limite d'\u00e9lasticit\u00e9<br>Rp 0.2 N\/mm\u00b2<\/td>\n      <td>R\u00e9sistance \u00e0 la traction<br>Rm N\/mm\u00b2<\/td>\n      <td>Allongement \u00e0 la rupture<br>A%<\/td>\n      <td>Duret\u00e9 Brinell<br>HB<\/td>\n    <\/tr>\n    <tr>\n      <td>Moulage au sable<br>-GS<\/td>\n      <td>250<\/td>\n      <td>600<\/td>\n      <td>13<\/td>\n      <td>140<\/td>\n    <\/tr>\n    <tr>\n      <td>Moulage de la carapace<br>-GM<\/td>\n      <td>280<\/td>\n      <td>650<\/td>\n      <td>7<\/td>\n      <td>150<\/td>\n    <\/tr>\n    <tr>\n      <td>Centrifugeuse en fonte<br>-GZ<\/td>\n      <td>280<\/td>\n      <td>650<\/td>\n      <td>13<\/td>\n      <td>150<\/td>\n    <\/tr>\n    <tr>\n      <td>Coul\u00e9e continue<br>-GC<\/td>\n      <td>280<\/td>\n      <td>650<\/td>\n      <td>13<\/td>\n      <td>150<\/td>\n    <\/tr>\n  <\/table>\n<\/div>\n\n\t\t\t\t<\/div>\n\t\t\t\t<\/div>\n\t\t\t\t\t<\/div>\n\t\t\t\t<\/div>\n\t\t<div class=\"elementor-element elementor-element-5e03f8a e-flex e-con-boxed e-con e-parent\" data-id=\"5e03f8a\" data-element_type=\"container\" data-e-type=\"container\">\n\t\t\t\t\t<div class=\"e-con-inner\">\n\t\t\t\t<div class=\"elementor-element elementor-element-146dd41 elementor-widget elementor-widget-text-editor\" data-id=\"146dd41\" data-element_type=\"widget\" data-e-type=\"widget\" data-widget_type=\"text-editor.default\">\n\t\t\t\t<div class=\"elementor-widget-container\">\n\t\t\t\t\t\t\t\t\t<p><strong>Application :<\/strong><\/p><p><span class=\"s6\">L&rsquo;alliage de la pr\u00e9sente unification convient aux pi\u00e8ces soumises \u00e0 de fortes contraintes \u00e0 froid et \u00e0 chaud et poss\u00e8de une excellente r\u00e9sistance \u00e0 la corrosion, y compris \u00e0 la corrosion marine. Sa r\u00e9sistance \u00e0 l&rsquo;usure et \u00e0 la cavitation est \u00e9galement remarquable. <\/span><\/p><p><span class=\"s6\">Exemples d&rsquo;application : accouplements de turbines, coussinets et bouchons de roues Pelton, roulements fortement sollicit\u00e9s, guides de moteurs et si\u00e8ges de soupapes.<\/span><\/p>\t\t\t\t\t\t\t\t<\/div>\n\t\t\t\t<\/div>\n\t\t\t\t<div class=\"elementor-element elementor-element-827b7fd elementor-widget elementor-widget-text-editor\" data-id=\"827b7fd\" data-element_type=\"widget\" data-e-type=\"widget\" data-widget_type=\"text-editor.default\">\n\t\t\t\t<div class=\"elementor-widget-container\">\n\t\t\t\t\t\t\t\t\t<p><em><strong>N.B. :<\/strong> Pour de plus amples informations, veuillez contacter notre<\/em> <a href=\"https:\/\/www.fonderiaboa.it\/fr\/contact\/\"><em>D\u00e9partement commercial<\/em><\/a><\/p>\t\t\t\t\t\t\t\t<\/div>\n\t\t\t\t<\/div>\n\t\t\t\t\t<\/div>\n\t\t\t\t<\/div>\n\t\t<div class=\"elementor-element elementor-element-4fb7273 e-flex e-con-boxed e-con e-parent\" data-id=\"4fb7273\" data-element_type=\"container\" data-e-type=\"container\">\n\t\t\t\t\t<div class=\"e-con-inner\">\n\t\t\t\t<div class=\"elementor-element elementor-element-c394ce3 elementor-widget elementor-widget-spacer\" data-id=\"c394ce3\" data-element_type=\"widget\" data-e-type=\"widget\" data-widget_type=\"spacer.default\">\n\t\t\t\t<div class=\"elementor-widget-container\">\n\t\t\t\t\t\t\t<div class=\"elementor-spacer\">\n\t\t\t<div class=\"elementor-spacer-inner\"><\/div>\n\t\t<\/div>\n\t\t\t\t\t\t<\/div>\n\t\t\t\t<\/div>\n\t\t\t\t\t<\/div>\n\t\t\t\t<\/div>\n\t\t<div class=\"elementor-element elementor-element-64e5fae e-flex e-con-boxed e-con e-parent\" data-id=\"64e5fae\" data-element_type=\"container\" data-e-type=\"container\">\n\t\t\t\t\t<div class=\"e-con-inner\">\n\t\t\t\t<div class=\"elementor-element elementor-element-5780a9c elementor-align-left elementor-widget elementor-widget-button\" data-id=\"5780a9c\" data-element_type=\"widget\" data-e-type=\"widget\" data-widget_type=\"button.default\">\n\t\t\t\t<div class=\"elementor-widget-container\">\n\t\t\t\t\t\t\t\t\t<div class=\"elementor-button-wrapper\">\n\t\t\t\t\t<a class=\"elementor-button elementor-button-link elementor-size-sm\" href=\"https:\/\/www.fonderiaboa.it\/prodotti_e_servizi\/\">\n\t\t\t\t\t\t<span class=\"elementor-button-content-wrapper\">\n\t\t\t\t\t\t\t\t\t<span class=\"elementor-button-text\">Retour \u00e0 \"Produits et services<\/span>\n\t\t\t\t\t<\/span>\n\t\t\t\t\t<\/a>\n\t\t\t\t<\/div>\n\t\t\t\t\t\t\t\t<\/div>\n\t\t\t\t<\/div>\n\t\t\t\t\t<\/div>\n\t\t\t\t<\/div>\n\t\t<div class=\"elementor-element elementor-element-83d5d3c e-flex e-con-boxed e-con e-parent\" data-id=\"83d5d3c\" data-element_type=\"container\" data-e-type=\"container\">\n\t\t\t\t\t<div class=\"e-con-inner\">\n\t\t\t\t<div class=\"elementor-element elementor-element-cd4bccf elementor-widget elementor-widget-spacer\" data-id=\"cd4bccf\" data-element_type=\"widget\" data-e-type=\"widget\" data-widget_type=\"spacer.default\">\n\t\t\t\t<div class=\"elementor-widget-container\">\n\t\t\t\t\t\t\t<div class=\"elementor-spacer\">\n\t\t\t<div class=\"elementor-spacer-inner\"><\/div>\n\t\t<\/div>\n\t\t\t\t\t\t<\/div>\n\t\t\t\t<\/div>\n\t\t\t\t\t<\/div>\n\t\t\t\t<\/div>\n\t\t\t\t<\/div>\n\t\t","protected":false},"excerpt":{"rendered":"<p>CC333G Faites d\u00e9filer vers la droite pour voir les valeurs Norme de r\u00e9f\u00e9renceCC333G-GCUNI EN 1982 Analyse chimique%Composition chimique Sn% Zn% Pb% Fe% Ni% Al% P% Si% Mn% Sb% As% Cu% Rest Min &#8211; &#8211; &#8211; 4,00 4,00 8,50 &#8211; &#8211; &#8211; &#8211; &#8211; 76,00 &#8211; Max 0,10 0,50 0,03 5,50 6,00 10,50 &#8211; 0,10 3,00 [&hellip;]<\/p>\n","protected":false},"author":1,"featured_media":2764,"parent":0,"menu_order":0,"comment_status":"closed","ping_status":"closed","template":"elementor_header_footer","meta":{"footnotes":""},"class_list":["post-2771","page","type-page","status-publish","has-post-thumbnail","hentry"],"_links":{"self":[{"href":"https:\/\/www.fonderiaboa.it\/fr\/wp-json\/wp\/v2\/pages\/2771","targetHints":{"allow":["GET"]}}],"collection":[{"href":"https:\/\/www.fonderiaboa.it\/fr\/wp-json\/wp\/v2\/pages"}],"about":[{"href":"https:\/\/www.fonderiaboa.it\/fr\/wp-json\/wp\/v2\/types\/page"}],"author":[{"embeddable":true,"href":"https:\/\/www.fonderiaboa.it\/fr\/wp-json\/wp\/v2\/users\/1"}],"replies":[{"embeddable":true,"href":"https:\/\/www.fonderiaboa.it\/fr\/wp-json\/wp\/v2\/comments?post=2771"}],"version-history":[{"count":4,"href":"https:\/\/www.fonderiaboa.it\/fr\/wp-json\/wp\/v2\/pages\/2771\/revisions"}],"predecessor-version":[{"id":2848,"href":"https:\/\/www.fonderiaboa.it\/fr\/wp-json\/wp\/v2\/pages\/2771\/revisions\/2848"}],"wp:featuredmedia":[{"embeddable":true,"href":"https:\/\/www.fonderiaboa.it\/fr\/wp-json\/wp\/v2\/media\/2764"}],"wp:attachment":[{"href":"https:\/\/www.fonderiaboa.it\/fr\/wp-json\/wp\/v2\/media?parent=2771"}],"curies":[{"name":"wp","href":"https:\/\/api.w.org\/{rel}","templated":true}]}}