{"id":2777,"date":"2024-10-01T21:12:26","date_gmt":"2024-10-01T21:12:26","guid":{"rendered":"https:\/\/www.fonderiaboa.it\/cc331g\/"},"modified":"2026-02-27T16:53:21","modified_gmt":"2026-02-27T16:53:21","slug":"cc331g","status":"publish","type":"page","link":"https:\/\/www.fonderiaboa.it\/fr\/cc331g\/","title":{"rendered":"CC331G"},"content":{"rendered":"\t\t<div data-elementor-type=\"wp-page\" data-elementor-id=\"2777\" class=\"elementor elementor-2777 elementor-225\" data-elementor-post-type=\"page\">\n\t\t\t\t<div class=\"elementor-element elementor-element-855a3de e-flex e-con-boxed e-con e-parent\" data-id=\"855a3de\" data-element_type=\"container\" data-e-type=\"container\">\n\t\t\t\t\t<div class=\"e-con-inner\">\n\t\t\t\t<div class=\"elementor-element elementor-element-aef9fc8 elementor-widget elementor-widget-heading\" data-id=\"aef9fc8\" data-element_type=\"widget\" data-e-type=\"widget\" data-widget_type=\"heading.default\">\n\t\t\t\t<div class=\"elementor-widget-container\">\n\t\t\t\t\t<h1 class=\"elementor-heading-title elementor-size-default\">CC331G<\/h1>\t\t\t\t<\/div>\n\t\t\t\t<\/div>\n\t\t\t\t<div class=\"elementor-element elementor-element-5e63f61 elementor-hidden-desktop elementor-invisible elementor-widget elementor-widget-heading\" data-id=\"5e63f61\" data-element_type=\"widget\" data-e-type=\"widget\" data-settings=\"{&quot;_animation&quot;:&quot;fadeIn&quot;}\" data-widget_type=\"heading.default\">\n\t\t\t\t<div class=\"elementor-widget-container\">\n\t\t\t\t\t<h2 class=\"elementor-heading-title elementor-size-default\">Faites d\u00e9filer vers la droite pour voir les valeurs<\/h2>\t\t\t\t<\/div>\n\t\t\t\t<\/div>\n\t\t\t\t<div class=\"elementor-element elementor-element-e1d5e63 elementor-widget elementor-widget-html\" data-id=\"e1d5e63\" data-element_type=\"widget\" data-e-type=\"widget\" data-widget_type=\"html.default\">\n\t\t\t\t<div class=\"elementor-widget-container\">\n\t\t\t\t\t<!-- Tabella 1 - Analisi Chimica -->\n<style>\n  .responsive-table {\n    width: 100%;\n    overflow-x: auto;\n    display: block;\n  }\n  table {\n    border-collapse: collapse;\n    width: 100%;\n  }\n  th, td {\n    border: 1px solid black;\n    padding: 5px;\n    text-align: center;\n  }\n  @media screen and (max-width: 768px) {\n    td, th {\n      font-size: 12px;\n      padding: 3px;\n    }\n  }\n<\/style>\n<div class=\"responsive-table\">\n  <table>\n    <tr>\n      <td rowspan=\"2\">Norme de r\u00e9f\u00e9rence<br><strong>CC331G-GC<\/strong><br>UNI EN 1982<\/td>\n      <td colspan=\"13\"><strong>Analyse<\/strong> chimique<strong>%<\/strong><br>Composition chimique<\/td>\n    <\/tr>\n    <tr>\n      <td>Sn%<\/td>\n      <td>Zn%<\/td>\n      <td>Pb%<\/td>\n      <td>Fe%<\/td>\n      <td>Ni%<\/td>\n      <td>Al%<\/td>\n      <td>P%<\/td>\n      <td>Si%<\/td>\n      <td>Mn%<\/td>\n      <td>Sb%<\/td>\n      <td>As%<\/td>\n      <td>Cu%<\/td>\n      <td>Repos<\/td>\n    <\/tr>\n    <tr>\n      <td>Min<\/td>\n      <td>-<\/td>\n      <td>-<\/td>\n      <td>-<\/td>\n      <td>1,50<\/td>\n      <td>-<\/td>\n      <td>8,50<\/td>\n      <td>-<\/td>\n      <td>-<\/td>\n      <td>-<\/td>\n      <td>-<\/td>\n      <td>-<\/td>\n      <td>83,00<\/td>\n      <td>-<\/td>\n    <\/tr>\n    <tr>\n      <td>Max<\/td>\n      <td>0,20<\/td>\n      <td>0,50<\/td>\n      <td>0,10<\/td>\n      <td>3,50<\/td>\n      <td>1,50<\/td>\n      <td>10,50<\/td>\n      <td>-<\/td>\n      <td>0,20<\/td>\n      <td>1,00<\/td>\n      <td>-<\/td>\n      <td>-<\/td>\n      <td>89,50<\/td>\n      <td>-<\/td>\n    <\/tr>\n  <\/table>\n<\/div>\n\n<!-- Tabella 2 - Propriet\u00e0 Meccaniche -->\n<div class=\"responsive-table\">\n  <table>\n    <tr>\n      <td rowspan=\"2\"><strong>Processus de coul\u00e9e et d\u00e9signation<\/strong><\/td>\n      <td colspan=\"4\"><strong>Propri\u00e9t\u00e9s m\u00e9caniques<\/strong><\/td>\n    <\/tr>\n    <tr>\n      <td>Limite d'\u00e9lasticit\u00e9<br>Rp 0.2 N\/mm\u00b2<\/td>\n      <td>R\u00e9sistance \u00e0 la traction<br>Rm N\/mm\u00b2<\/td>\n      <td>Allongement \u00e0 la rupture<br>A%<\/td>\n      <td>Duret\u00e9 Brinell<br>HB<\/td>\n    <\/tr>\n    <tr>\n      <td>Moulage au sable<br>-GS<\/td>\n      <td>180<\/td>\n      <td>500<\/td>\n      <td>18<\/td>\n      <td>100<\/td>\n    <\/tr>\n    <tr>\n      <td>Moulage en coquille<br>-GM<\/td>\n      <td>250<\/td>\n      <td>600<\/td>\n      <td>20<\/td>\n      <td>130<\/td>\n    <\/tr>\n    <tr>\n      <td>Centrifugeuse en fonte<br>-GZ<\/td>\n      <td>200<\/td>\n      <td>550<\/td>\n      <td>18<\/td>\n      <td>130<\/td>\n    <\/tr>\n    <tr>\n      <td>Coul\u00e9e continue<br>-GC<\/td>\n      <td>200<\/td>\n      <td>550<\/td>\n      <td>15<\/td>\n      <td>130<\/td>\n    <\/tr>\n  <\/table>\n<\/div>\n\t\t\t\t<\/div>\n\t\t\t\t<\/div>\n\t\t\t\t\t<\/div>\n\t\t\t\t<\/div>\n\t\t<div class=\"elementor-element elementor-element-30cebce e-flex e-con-boxed e-con e-parent\" data-id=\"30cebce\" data-element_type=\"container\" data-e-type=\"container\">\n\t\t\t\t\t<div class=\"e-con-inner\">\n\t\t\t\t<div class=\"elementor-element elementor-element-43f4500 elementor-widget elementor-widget-text-editor\" data-id=\"43f4500\" data-element_type=\"widget\" data-e-type=\"widget\" data-widget_type=\"text-editor.default\">\n\t\t\t\t<div class=\"elementor-widget-container\">\n\t\t\t\t\t\t\t\t\t<p class=\"p1\"><b>Application :<\/b><\/p><p class=\"p1\">L&rsquo;alliage de cette unification est particuli\u00e8rement adapt\u00e9 aux usines chimiques. En m\u00e9canique g\u00e9n\u00e9rale, il est recommand\u00e9 pour les applications n\u00e9cessitant des propri\u00e9t\u00e9s plastiques \u00e9lev\u00e9es. <\/p><p class=\"p1\">Exemples d&rsquo;application : pompes \u00e0 eau pour mines, h\u00e9lices de pompes centrifuges, h\u00e9lices de navires l\u00e9g\u00e8rement charg\u00e9s, roulements, si\u00e8ges et guides de soupapes, engrenages h\u00e9lico\u00efdaux, etc.<\/p>\t\t\t\t\t\t\t\t<\/div>\n\t\t\t\t<\/div>\n\t\t\t\t\t<\/div>\n\t\t\t\t<\/div>\n\t\t<div class=\"elementor-element elementor-element-7c961dc e-flex e-con-boxed e-con e-parent\" data-id=\"7c961dc\" data-element_type=\"container\" data-e-type=\"container\">\n\t\t\t\t\t<div class=\"e-con-inner\">\n\t\t\t\t<div class=\"elementor-element elementor-element-2c664b8 elementor-widget elementor-widget-text-editor\" data-id=\"2c664b8\" data-element_type=\"widget\" data-e-type=\"widget\" data-widget_type=\"text-editor.default\">\n\t\t\t\t<div class=\"elementor-widget-container\">\n\t\t\t\t\t\t\t\t\t<p class=\"p1\"><em><strong>N.B. :<\/strong> Pour de plus amples informations, veuillez contacter notre<\/em> <a href=\"https:\/\/www.fonderiaboa.it\/fr\/contact\/\"><em>D\u00e9partement commercial<\/em><\/a><\/p>\t\t\t\t\t\t\t\t<\/div>\n\t\t\t\t<\/div>\n\t\t\t\t<div class=\"elementor-element elementor-element-31d402c elementor-widget elementor-widget-spacer\" data-id=\"31d402c\" data-element_type=\"widget\" data-e-type=\"widget\" data-widget_type=\"spacer.default\">\n\t\t\t\t<div class=\"elementor-widget-container\">\n\t\t\t\t\t\t\t<div class=\"elementor-spacer\">\n\t\t\t<div class=\"elementor-spacer-inner\"><\/div>\n\t\t<\/div>\n\t\t\t\t\t\t<\/div>\n\t\t\t\t<\/div>\n\t\t\t\t\t<\/div>\n\t\t\t\t<\/div>\n\t\t<div class=\"elementor-element elementor-element-02ce4fe e-flex e-con-boxed e-con e-parent\" data-id=\"02ce4fe\" data-element_type=\"container\" data-e-type=\"container\">\n\t\t\t\t\t<div class=\"e-con-inner\">\n\t\t\t\t<div class=\"elementor-element elementor-element-37a9e3f elementor-align-left elementor-widget elementor-widget-button\" data-id=\"37a9e3f\" data-element_type=\"widget\" data-e-type=\"widget\" data-widget_type=\"button.default\">\n\t\t\t\t<div class=\"elementor-widget-container\">\n\t\t\t\t\t\t\t\t\t<div class=\"elementor-button-wrapper\">\n\t\t\t\t\t<a class=\"elementor-button elementor-button-link elementor-size-sm\" href=\"https:\/\/www.fonderiaboa.it\/prodotti_e_servizi\/\">\n\t\t\t\t\t\t<span class=\"elementor-button-content-wrapper\">\n\t\t\t\t\t\t\t\t\t<span class=\"elementor-button-text\">Retour \u00e0 \"Produits et services<\/span>\n\t\t\t\t\t<\/span>\n\t\t\t\t\t<\/a>\n\t\t\t\t<\/div>\n\t\t\t\t\t\t\t\t<\/div>\n\t\t\t\t<\/div>\n\t\t\t\t\t<\/div>\n\t\t\t\t<\/div>\n\t\t<div class=\"elementor-element elementor-element-176704d e-flex e-con-boxed e-con e-parent\" data-id=\"176704d\" data-element_type=\"container\" data-e-type=\"container\">\n\t\t\t\t\t<div class=\"e-con-inner\">\n\t\t\t\t<div class=\"elementor-element elementor-element-7e9919a elementor-widget elementor-widget-spacer\" data-id=\"7e9919a\" data-element_type=\"widget\" data-e-type=\"widget\" data-widget_type=\"spacer.default\">\n\t\t\t\t<div class=\"elementor-widget-container\">\n\t\t\t\t\t\t\t<div class=\"elementor-spacer\">\n\t\t\t<div class=\"elementor-spacer-inner\"><\/div>\n\t\t<\/div>\n\t\t\t\t\t\t<\/div>\n\t\t\t\t<\/div>\n\t\t\t\t\t<\/div>\n\t\t\t\t<\/div>\n\t\t\t\t<\/div>\n\t\t","protected":false},"excerpt":{"rendered":"<p>CC331G Faites d\u00e9filer vers la droite pour voir les valeurs Norme de r\u00e9f\u00e9renceCC331G-GCUNI EN 1982 Analyse chimique%Composition chimique Sn% Zn% Pb% Fe% Ni% Al% P% Si% Mn% Sb% As% Cu% Repos Min &#8211; &#8211; &#8211; 1,50 &#8211; 8,50 &#8211; &#8211; &#8211; &#8211; &#8211; 83,00 &#8211; Max 0,20 0,50 0,10 3,50 1,50 10,50 &#8211; 0,20 1,00 [&hellip;]<\/p>\n","protected":false},"author":1,"featured_media":2779,"parent":0,"menu_order":0,"comment_status":"closed","ping_status":"closed","template":"elementor_header_footer","meta":{"footnotes":""},"class_list":["post-2777","page","type-page","status-publish","has-post-thumbnail","hentry"],"_links":{"self":[{"href":"https:\/\/www.fonderiaboa.it\/fr\/wp-json\/wp\/v2\/pages\/2777","targetHints":{"allow":["GET"]}}],"collection":[{"href":"https:\/\/www.fonderiaboa.it\/fr\/wp-json\/wp\/v2\/pages"}],"about":[{"href":"https:\/\/www.fonderiaboa.it\/fr\/wp-json\/wp\/v2\/types\/page"}],"author":[{"embeddable":true,"href":"https:\/\/www.fonderiaboa.it\/fr\/wp-json\/wp\/v2\/users\/1"}],"replies":[{"embeddable":true,"href":"https:\/\/www.fonderiaboa.it\/fr\/wp-json\/wp\/v2\/comments?post=2777"}],"version-history":[{"count":4,"href":"https:\/\/www.fonderiaboa.it\/fr\/wp-json\/wp\/v2\/pages\/2777\/revisions"}],"predecessor-version":[{"id":2846,"href":"https:\/\/www.fonderiaboa.it\/fr\/wp-json\/wp\/v2\/pages\/2777\/revisions\/2846"}],"wp:featuredmedia":[{"embeddable":true,"href":"https:\/\/www.fonderiaboa.it\/fr\/wp-json\/wp\/v2\/media\/2779"}],"wp:attachment":[{"href":"https:\/\/www.fonderiaboa.it\/fr\/wp-json\/wp\/v2\/media?parent=2777"}],"curies":[{"name":"wp","href":"https:\/\/api.w.org\/{rel}","templated":true}]}}