{"id":2785,"date":"2024-10-01T21:29:25","date_gmt":"2024-10-01T21:29:25","guid":{"rendered":"https:\/\/www.fonderiaboa.it\/cc483k\/"},"modified":"2026-02-27T16:54:09","modified_gmt":"2026-02-27T16:54:09","slug":"cc483k","status":"publish","type":"page","link":"https:\/\/www.fonderiaboa.it\/fr\/cc483k\/","title":{"rendered":"CC483K"},"content":{"rendered":"\t\t<div data-elementor-type=\"wp-page\" data-elementor-id=\"2785\" class=\"elementor elementor-2785 elementor-236\" data-elementor-post-type=\"page\">\n\t\t\t\t<div class=\"elementor-element elementor-element-22ff20e e-flex e-con-boxed e-con e-parent\" data-id=\"22ff20e\" data-element_type=\"container\" data-e-type=\"container\">\n\t\t\t\t\t<div class=\"e-con-inner\">\n\t\t\t\t<div class=\"elementor-element elementor-element-992b292 elementor-widget elementor-widget-heading\" data-id=\"992b292\" data-element_type=\"widget\" data-e-type=\"widget\" data-widget_type=\"heading.default\">\n\t\t\t\t<div class=\"elementor-widget-container\">\n\t\t\t\t\t<h1 class=\"elementor-heading-title elementor-size-default\">CC483K<\/h1>\t\t\t\t<\/div>\n\t\t\t\t<\/div>\n\t\t\t\t<div class=\"elementor-element elementor-element-609cefe elementor-hidden-desktop elementor-invisible elementor-widget elementor-widget-heading\" data-id=\"609cefe\" data-element_type=\"widget\" data-e-type=\"widget\" data-settings=\"{&quot;_animation&quot;:&quot;fadeIn&quot;}\" data-widget_type=\"heading.default\">\n\t\t\t\t<div class=\"elementor-widget-container\">\n\t\t\t\t\t<h2 class=\"elementor-heading-title elementor-size-default\">Faites d\u00e9filer vers la droite pour voir les valeurs<\/h2>\t\t\t\t<\/div>\n\t\t\t\t<\/div>\n\t\t\t\t<div class=\"elementor-element elementor-element-f6b8b44 elementor-widget elementor-widget-html\" data-id=\"f6b8b44\" data-element_type=\"widget\" data-e-type=\"widget\" data-widget_type=\"html.default\">\n\t\t\t\t<div class=\"elementor-widget-container\">\n\t\t\t\t\t<!-- Tabella 1 - Analisi Chimica -->\n<style>\n  .responsive-table {\n    width: 100%;\n    overflow-x: auto;\n    display: block;\n  }\n  table {\n    border-collapse: collapse;\n    width: 100%;\n  }\n  th, td {\n    border: 1px solid black;\n    padding: 5px;\n    text-align: center;\n  }\n  @media screen and (max-width: 768px) {\n    td, th {\n      font-size: 12px;\n      padding: 3px;\n    }\n  }\n<\/style>\n<div class=\"responsive-table\">\n  <table>\n    <tr>\n      <td rowspan=\"2\">Norme de r\u00e9f\u00e9rence<br><strong>CC483K-GC<\/strong><br>UNI EN 1982<\/td>\n      <td colspan=\"13\"><strong>Analyse<\/strong> chimique<strong>%<\/strong><br>Composition chimique<\/td>\n    <\/tr>\n    <tr>\n      <td>Sn%<\/td>\n      <td>Zn%<\/td>\n      <td>Pb%<\/td>\n      <td>Fe%<\/td>\n      <td>Ni%<\/td>\n      <td>Al%<\/td>\n      <td>P%<\/td>\n      <td>Si%<\/td>\n      <td>Mn%<\/td>\n      <td>Sb%<\/td>\n      <td>As%<\/td>\n      <td>Cu%<\/td>\n      <td>Rest<\/td>\n    <\/tr>\n    <tr>\n      <td>Min<\/td>\n      <td>11,00<\/td>\n      <td>-<\/td>\n      <td>-<\/td>\n      <td>-<\/td>\n      <td>-<\/td>\n      <td>-<\/td>\n      <td>-<\/td>\n      <td>-<\/td>\n      <td>-<\/td>\n      <td>-<\/td>\n      <td>-<\/td>\n      <td>85,00<\/td>\n      <td>-<\/td>\n    <\/tr>\n    <tr>\n      <td>Max<\/td>\n      <td>13,00<\/td>\n      <td>0,50<\/td>\n      <td>0,70<\/td>\n      <td>0,20<\/td>\n      <td>2,00<\/td>\n      <td>0,01<\/td>\n      <td>0,70<\/td>\n      <td>0,01<\/td>\n      <td>0,20<\/td>\n      <td>0,15<\/td>\n      <td>-<\/td>\n      <td>88,50<\/td>\n      <td>-<\/td>\n    <\/tr>\n  <\/table>\n<\/div>\n\n<!-- Tabella 2 - Propriet\u00e0 Meccaniche -->\n<div class=\"responsive-table\">\n  <table>\n    <tr>\n      <td rowspan=\"2\"><strong>Processus de coul\u00e9e et d\u00e9signation<\/strong><\/td>\n      <td colspan=\"4\"><strong>Propri\u00e9t\u00e9s m\u00e9caniques<\/strong><\/td>\n    <\/tr>\n    <tr>\n      <td>Limite d'\u00e9lasticit\u00e9<br>Rp 0.2 N\/mm\u00b2<\/td>\n      <td>R\u00e9sistance \u00e0 la traction<br>Rm N\/mm\u00b2<\/td>\n      <td>Allongement \u00e0 la rupture<br>A%<\/td>\n      <td>Duret\u00e9 Brinell<br>HB<\/td>\n    <\/tr>\n    <tr>\n      <td>Moulage au sable<br>-GS<\/td>\n      <td>140<\/td>\n      <td>260<\/td>\n      <td>7<\/td>\n      <td>80<\/td>\n    <\/tr>\n    <tr>\n      <td>Moulage de la carapace<br>-GM<\/td>\n      <td>150<\/td>\n      <td>270<\/td>\n      <td>5<\/td>\n      <td>80<\/td>\n    <\/tr>\n    <tr>\n      <td>Centrifugeuse en fonte<br>-GZ<\/td>\n      <td>150<\/td>\n      <td>280<\/td>\n      <td>5<\/td>\n      <td>90<\/td>\n    <\/tr>\n    <tr>\n      <td>Coul\u00e9e continue<br>-GC<\/td>\n      <td>150<\/td>\n      <td>300<\/td>\n      <td>6<\/td>\n      <td>90<\/td>\n    <\/tr>\n  <\/table>\n<\/div>\n\n\t\t\t\t<\/div>\n\t\t\t\t<\/div>\n\t\t\t\t\t<\/div>\n\t\t\t\t<\/div>\n\t\t<div class=\"elementor-element elementor-element-c097359 e-flex e-con-boxed e-con e-parent\" data-id=\"c097359\" data-element_type=\"container\" data-e-type=\"container\">\n\t\t\t\t\t<div class=\"e-con-inner\">\n\t\t\t\t<div class=\"elementor-element elementor-element-c6d3ef6 elementor-widget elementor-widget-text-editor\" data-id=\"c6d3ef6\" data-element_type=\"widget\" data-e-type=\"widget\" data-widget_type=\"text-editor.default\">\n\t\t\t\t<div class=\"elementor-widget-container\">\n\t\t\t\t\t\t\t\t\t<p><strong>Application :<\/strong><\/p><p class=\"p1\">Alliage g\u00e9n\u00e9ralement destin\u00e9 \u00e0 la construction de paliers et de coussinets d&rsquo;arbres en acier tremp\u00e9 ou chrom\u00e9. En raison de sa grande coulabilit\u00e9, il peut \u00eatre avantageusement utilis\u00e9 dans la construction de pi\u00e8ces moul\u00e9es complexes pour des applications hydrauliques (corps et roues de pompes centrifuges). Utilis\u00e9 pour les roues dent\u00e9es en liaison avec des vis sans fin en acier.  <\/p>\t\t\t\t\t\t\t\t<\/div>\n\t\t\t\t<\/div>\n\t\t\t\t\t<\/div>\n\t\t\t\t<\/div>\n\t\t<div class=\"elementor-element elementor-element-fe702ce e-flex e-con-boxed e-con e-parent\" data-id=\"fe702ce\" data-element_type=\"container\" data-e-type=\"container\">\n\t\t\t\t\t<div class=\"e-con-inner\">\n\t\t\t\t<div class=\"elementor-element elementor-element-65d1f39 elementor-widget elementor-widget-text-editor\" data-id=\"65d1f39\" data-element_type=\"widget\" data-e-type=\"widget\" data-widget_type=\"text-editor.default\">\n\t\t\t\t<div class=\"elementor-widget-container\">\n\t\t\t\t\t\t\t\t\t<p><em><strong>N.B. :<\/strong> Pour de plus amples informations, veuillez contacter notre<\/em> <a href=\"https:\/\/www.fonderiaboa.it\/fr\/contact\/\"><em>D\u00e9partement commercial<\/em><\/a><\/p>\t\t\t\t\t\t\t\t<\/div>\n\t\t\t\t<\/div>\n\t\t\t\t<div class=\"elementor-element elementor-element-2e3e736 elementor-widget elementor-widget-spacer\" data-id=\"2e3e736\" data-element_type=\"widget\" data-e-type=\"widget\" data-widget_type=\"spacer.default\">\n\t\t\t\t<div class=\"elementor-widget-container\">\n\t\t\t\t\t\t\t<div class=\"elementor-spacer\">\n\t\t\t<div class=\"elementor-spacer-inner\"><\/div>\n\t\t<\/div>\n\t\t\t\t\t\t<\/div>\n\t\t\t\t<\/div>\n\t\t\t\t\t<\/div>\n\t\t\t\t<\/div>\n\t\t<div class=\"elementor-element elementor-element-f99b5a4 e-flex e-con-boxed e-con e-parent\" data-id=\"f99b5a4\" data-element_type=\"container\" data-e-type=\"container\">\n\t\t\t\t\t<div class=\"e-con-inner\">\n\t\t\t\t<div class=\"elementor-element elementor-element-6702bbf elementor-align-left elementor-widget elementor-widget-button\" data-id=\"6702bbf\" data-element_type=\"widget\" data-e-type=\"widget\" data-widget_type=\"button.default\">\n\t\t\t\t<div class=\"elementor-widget-container\">\n\t\t\t\t\t\t\t\t\t<div class=\"elementor-button-wrapper\">\n\t\t\t\t\t<a class=\"elementor-button elementor-button-link elementor-size-sm\" href=\"https:\/\/www.fonderiaboa.it\/prodotti_e_servizi\/\">\n\t\t\t\t\t\t<span class=\"elementor-button-content-wrapper\">\n\t\t\t\t\t\t\t\t\t<span class=\"elementor-button-text\">Retour \u00e0 \"Produits et services<\/span>\n\t\t\t\t\t<\/span>\n\t\t\t\t\t<\/a>\n\t\t\t\t<\/div>\n\t\t\t\t\t\t\t\t<\/div>\n\t\t\t\t<\/div>\n\t\t\t\t\t<\/div>\n\t\t\t\t<\/div>\n\t\t<div class=\"elementor-element elementor-element-75b4692 e-flex e-con-boxed e-con e-parent\" data-id=\"75b4692\" data-element_type=\"container\" data-e-type=\"container\">\n\t\t\t\t\t<div class=\"e-con-inner\">\n\t\t\t\t<div class=\"elementor-element elementor-element-98efefe elementor-widget elementor-widget-spacer\" data-id=\"98efefe\" data-element_type=\"widget\" data-e-type=\"widget\" data-widget_type=\"spacer.default\">\n\t\t\t\t<div class=\"elementor-widget-container\">\n\t\t\t\t\t\t\t<div class=\"elementor-spacer\">\n\t\t\t<div class=\"elementor-spacer-inner\"><\/div>\n\t\t<\/div>\n\t\t\t\t\t\t<\/div>\n\t\t\t\t<\/div>\n\t\t\t\t\t<\/div>\n\t\t\t\t<\/div>\n\t\t\t\t<\/div>\n\t\t","protected":false},"excerpt":{"rendered":"<p>CC483K Faites d\u00e9filer vers la droite pour voir les valeurs Norme de r\u00e9f\u00e9renceCC483K-GCUNI EN 1982 Analyse chimique%Composition chimique Sn% Zn% Pb% Fe% Ni% Al% P% Si% Mn% Sb% As% Cu% Rest Min 11,00 &#8211; &#8211; &#8211; &#8211; &#8211; &#8211; &#8211; &#8211; &#8211; &#8211; 85,00 &#8211; Max 13,00 0,50 0,70 0,20 2,00 0,01 0,70 0,01 0,20 [&hellip;]<\/p>\n","protected":false},"author":1,"featured_media":2764,"parent":0,"menu_order":0,"comment_status":"closed","ping_status":"closed","template":"elementor_header_footer","meta":{"footnotes":""},"class_list":["post-2785","page","type-page","status-publish","has-post-thumbnail","hentry"],"_links":{"self":[{"href":"https:\/\/www.fonderiaboa.it\/fr\/wp-json\/wp\/v2\/pages\/2785","targetHints":{"allow":["GET"]}}],"collection":[{"href":"https:\/\/www.fonderiaboa.it\/fr\/wp-json\/wp\/v2\/pages"}],"about":[{"href":"https:\/\/www.fonderiaboa.it\/fr\/wp-json\/wp\/v2\/types\/page"}],"author":[{"embeddable":true,"href":"https:\/\/www.fonderiaboa.it\/fr\/wp-json\/wp\/v2\/users\/1"}],"replies":[{"embeddable":true,"href":"https:\/\/www.fonderiaboa.it\/fr\/wp-json\/wp\/v2\/comments?post=2785"}],"version-history":[{"count":4,"href":"https:\/\/www.fonderiaboa.it\/fr\/wp-json\/wp\/v2\/pages\/2785\/revisions"}],"predecessor-version":[{"id":2850,"href":"https:\/\/www.fonderiaboa.it\/fr\/wp-json\/wp\/v2\/pages\/2785\/revisions\/2850"}],"wp:featuredmedia":[{"embeddable":true,"href":"https:\/\/www.fonderiaboa.it\/fr\/wp-json\/wp\/v2\/media\/2764"}],"wp:attachment":[{"href":"https:\/\/www.fonderiaboa.it\/fr\/wp-json\/wp\/v2\/media?parent=2785"}],"curies":[{"name":"wp","href":"https:\/\/api.w.org\/{rel}","templated":true}]}}