{"id":2793,"date":"2024-10-01T21:33:28","date_gmt":"2024-10-01T21:33:28","guid":{"rendered":"https:\/\/www.fonderiaboa.it\/cc491k\/"},"modified":"2026-02-27T16:54:32","modified_gmt":"2026-02-27T16:54:32","slug":"cc491k","status":"publish","type":"page","link":"https:\/\/www.fonderiaboa.it\/fr\/cc491k\/","title":{"rendered":"CC491K"},"content":{"rendered":"\t\t<div data-elementor-type=\"wp-page\" data-elementor-id=\"2793\" class=\"elementor elementor-2793 elementor-241\" data-elementor-post-type=\"page\">\n\t\t\t\t<div class=\"elementor-element elementor-element-30128ea e-flex e-con-boxed e-con e-parent\" data-id=\"30128ea\" data-element_type=\"container\" data-e-type=\"container\">\n\t\t\t\t\t<div class=\"e-con-inner\">\n\t\t\t\t<div class=\"elementor-element elementor-element-ac0a23d elementor-widget elementor-widget-heading\" data-id=\"ac0a23d\" data-element_type=\"widget\" data-e-type=\"widget\" data-widget_type=\"heading.default\">\n\t\t\t\t<div class=\"elementor-widget-container\">\n\t\t\t\t\t<h1 class=\"elementor-heading-title elementor-size-default\">CC491K<\/h1>\t\t\t\t<\/div>\n\t\t\t\t<\/div>\n\t\t\t\t<div class=\"elementor-element elementor-element-6f2a8d8 elementor-hidden-desktop elementor-invisible elementor-widget elementor-widget-heading\" data-id=\"6f2a8d8\" data-element_type=\"widget\" data-e-type=\"widget\" data-settings=\"{&quot;_animation&quot;:&quot;fadeIn&quot;}\" data-widget_type=\"heading.default\">\n\t\t\t\t<div class=\"elementor-widget-container\">\n\t\t\t\t\t<h2 class=\"elementor-heading-title elementor-size-default\">Faites d\u00e9filer vers la droite pour voir les valeurs<\/h2>\t\t\t\t<\/div>\n\t\t\t\t<\/div>\n\t\t\t\t<div class=\"elementor-element elementor-element-514c11e elementor-widget elementor-widget-html\" data-id=\"514c11e\" data-element_type=\"widget\" data-e-type=\"widget\" data-widget_type=\"html.default\">\n\t\t\t\t<div class=\"elementor-widget-container\">\n\t\t\t\t\t<!-- Tabella 1 - Analisi Chimica -->\n<style>\n  .responsive-table {\n    width: 100%;\n    overflow-x: auto;\n    display: block;\n  }\n  table {\n    border-collapse: collapse;\n    width: 100%;\n  }\n  th, td {\n    border: 1px solid black;\n    padding: 5px;\n    text-align: center;\n  }\n  @media screen and (max-width: 768px) {\n    td, th {\n      font-size: 12px;\n      padding: 3px;\n    }\n  }\n<\/style>\n<div class=\"responsive-table\">\n  <table>\n    <tr>\n      <td rowspan=\"2\">Norme de r\u00e9f\u00e9rence<br><strong>CC491K-GC<\/strong><br>UNI EN 1982<\/td>\n      <td colspan=\"13\"><strong>Analyse<\/strong> chimique<strong>%<\/strong><br>Composition chimique<\/td>\n    <\/tr>\n    <tr>\n      <td>Sn%<\/td>\n      <td>Zn%<\/td>\n      <td>Pb%<\/td>\n      <td>Fe%<\/td>\n      <td>Ni%<\/td>\n      <td>Al%<\/td>\n      <td>P%<\/td>\n      <td>Si%<\/td>\n      <td>Mn%<\/td>\n      <td>Sb%<\/td>\n      <td>As%<\/td>\n      <td>Cu%<\/td>\n      <td>Rest<\/td>\n    <\/tr>\n    <tr>\n      <td>Min<\/td>\n      <td>4,00<\/td>\n      <td>4,00<\/td>\n      <td>4,00<\/td>\n      <td>-<\/td>\n      <td>-<\/td>\n      <td>-<\/td>\n      <td>-<\/td>\n      <td>-<\/td>\n      <td>-<\/td>\n      <td>-<\/td>\n      <td>-<\/td>\n      <td>83,00<\/td>\n      <td>-<\/td>\n    <\/tr>\n    <tr>\n      <td>Max<\/td>\n      <td>6,00<\/td>\n      <td>6,00<\/td>\n      <td>6,00<\/td>\n      <td>0,30<\/td>\n      <td>2,00<\/td>\n      <td>0,01<\/td>\n      <td>0,10<\/td>\n      <td>0,01<\/td>\n      <td>0,20<\/td>\n      <td>0,25<\/td>\n      <td>-<\/td>\n      <td>87,00<\/td>\n      <td>-<\/td>\n    <\/tr>\n  <\/table>\n<\/div>\n\n<!-- Tabella 2 - Propriet\u00e0 Meccaniche -->\n<div class=\"responsive-table\">\n  <table>\n    <tr>\n      <td rowspan=\"2\"><strong>Processus de coul\u00e9e et d\u00e9signation<\/strong><\/td>\n      <td colspan=\"4\"><strong>Propri\u00e9t\u00e9s m\u00e9caniques<\/strong><\/td>\n    <\/tr>\n    <tr>\n      <td>Limite d'\u00e9lasticit\u00e9<br>Rp 0.2 N\/mm\u00b2<\/td>\n      <td>R\u00e9sistance \u00e0 la traction<br>Rm N\/mm\u00b2<\/td>\n      <td>Allongement \u00e0 la rupture<br>A%<\/td>\n      <td>Duret\u00e9 Brinell<br>HB<\/td>\n    <\/tr>\n    <tr>\n      <td>Moulage au sable<br>-GS<\/td>\n      <td>90<\/td>\n      <td>200<\/td>\n      <td>13<\/td>\n      <td>60<\/td>\n    <\/tr>\n    <tr>\n      <td>Moulage de la carapace<br>-GM<\/td>\n      <td>110<\/td>\n      <td>220<\/td>\n      <td>6<\/td>\n      <td>65<\/td>\n    <\/tr>\n    <tr>\n      <td>Centrifugeuse en fonte<br>-GZ<\/td>\n      <td>110<\/td>\n      <td>250<\/td>\n      <td>13<\/td>\n      <td>65<\/td>\n    <\/tr>\n    <tr>\n      <td>Coul\u00e9e continue<br>-GC<\/td>\n      <td>110<\/td>\n      <td>250<\/td>\n      <td>13<\/td>\n      <td>65<\/td>\n    <\/tr>\n  <\/table>\n<\/div>\n\t\t\t\t<\/div>\n\t\t\t\t<\/div>\n\t\t\t\t\t<\/div>\n\t\t\t\t<\/div>\n\t\t<div class=\"elementor-element elementor-element-65e9130 e-flex e-con-boxed e-con e-parent\" data-id=\"65e9130\" data-element_type=\"container\" data-e-type=\"container\">\n\t\t\t\t\t<div class=\"e-con-inner\">\n\t\t\t\t<div class=\"elementor-element elementor-element-84062a6 elementor-widget elementor-widget-text-editor\" data-id=\"84062a6\" data-element_type=\"widget\" data-e-type=\"widget\" data-widget_type=\"text-editor.default\">\n\t\t\t\t<div class=\"elementor-widget-container\">\n\t\t\t\t\t\t\t\t\t<p><strong>Application :<\/strong><\/p><p class=\"p1\">Alliage \u00e0 usage g\u00e9n\u00e9ral.<\/p><p class=\"p1\"> <\/p>\t\t\t\t\t\t\t\t<\/div>\n\t\t\t\t<\/div>\n\t\t\t\t\t<\/div>\n\t\t\t\t<\/div>\n\t\t<div class=\"elementor-element elementor-element-8907fc5 e-flex e-con-boxed e-con e-parent\" data-id=\"8907fc5\" data-element_type=\"container\" data-e-type=\"container\">\n\t\t\t\t\t<div class=\"e-con-inner\">\n\t\t\t\t<div class=\"elementor-element elementor-element-41e768d elementor-widget elementor-widget-text-editor\" data-id=\"41e768d\" data-element_type=\"widget\" data-e-type=\"widget\" data-widget_type=\"text-editor.default\">\n\t\t\t\t<div class=\"elementor-widget-container\">\n\t\t\t\t\t\t\t\t\t<p><em><strong>N.B. :<\/strong> Pour de plus amples informations, veuillez contacter notre<\/em> <a href=\"https:\/\/www.fonderiaboa.it\/fr\/contact\/\"><em>D\u00e9partement commercial<\/em><\/a><\/p>\t\t\t\t\t\t\t\t<\/div>\n\t\t\t\t<\/div>\n\t\t\t\t\t<\/div>\n\t\t\t\t<\/div>\n\t\t<div class=\"elementor-element elementor-element-38ac1e4 e-flex e-con-boxed e-con e-parent\" data-id=\"38ac1e4\" data-element_type=\"container\" data-e-type=\"container\">\n\t\t\t\t\t<div class=\"e-con-inner\">\n\t\t\t\t<div class=\"elementor-element elementor-element-405ae82 elementor-widget elementor-widget-spacer\" data-id=\"405ae82\" data-element_type=\"widget\" data-e-type=\"widget\" data-widget_type=\"spacer.default\">\n\t\t\t\t<div class=\"elementor-widget-container\">\n\t\t\t\t\t\t\t<div class=\"elementor-spacer\">\n\t\t\t<div class=\"elementor-spacer-inner\"><\/div>\n\t\t<\/div>\n\t\t\t\t\t\t<\/div>\n\t\t\t\t<\/div>\n\t\t\t\t\t<\/div>\n\t\t\t\t<\/div>\n\t\t<div class=\"elementor-element elementor-element-f25ca25 e-flex e-con-boxed e-con e-parent\" data-id=\"f25ca25\" data-element_type=\"container\" data-e-type=\"container\">\n\t\t\t\t\t<div class=\"e-con-inner\">\n\t\t\t\t<div class=\"elementor-element elementor-element-f817ad2 elementor-align-left elementor-widget elementor-widget-button\" data-id=\"f817ad2\" data-element_type=\"widget\" data-e-type=\"widget\" data-widget_type=\"button.default\">\n\t\t\t\t<div class=\"elementor-widget-container\">\n\t\t\t\t\t\t\t\t\t<div class=\"elementor-button-wrapper\">\n\t\t\t\t\t<a class=\"elementor-button elementor-button-link elementor-size-sm\" href=\"https:\/\/www.fonderiaboa.it\/prodotti_e_servizi\/\">\n\t\t\t\t\t\t<span class=\"elementor-button-content-wrapper\">\n\t\t\t\t\t\t\t\t\t<span class=\"elementor-button-text\">Retour \u00e0 \"Produits et services<\/span>\n\t\t\t\t\t<\/span>\n\t\t\t\t\t<\/a>\n\t\t\t\t<\/div>\n\t\t\t\t\t\t\t\t<\/div>\n\t\t\t\t<\/div>\n\t\t\t\t\t<\/div>\n\t\t\t\t<\/div>\n\t\t<div class=\"elementor-element elementor-element-842f942 e-flex e-con-boxed e-con e-parent\" data-id=\"842f942\" data-element_type=\"container\" data-e-type=\"container\">\n\t\t\t\t\t<div class=\"e-con-inner\">\n\t\t\t\t<div class=\"elementor-element elementor-element-2fabff7 elementor-widget elementor-widget-spacer\" data-id=\"2fabff7\" data-element_type=\"widget\" data-e-type=\"widget\" data-widget_type=\"spacer.default\">\n\t\t\t\t<div class=\"elementor-widget-container\">\n\t\t\t\t\t\t\t<div class=\"elementor-spacer\">\n\t\t\t<div class=\"elementor-spacer-inner\"><\/div>\n\t\t<\/div>\n\t\t\t\t\t\t<\/div>\n\t\t\t\t<\/div>\n\t\t\t\t\t<\/div>\n\t\t\t\t<\/div>\n\t\t\t\t<\/div>\n\t\t","protected":false},"excerpt":{"rendered":"<p>CC491K Faites d\u00e9filer vers la droite pour voir les valeurs Norme de r\u00e9f\u00e9renceCC491K-GCUNI EN 1982 Analyse chimique%Composition chimique Sn% Zn% Pb% Fe% Ni% Al% P% Si% Mn% Sb% As% Cu% Rest Min 4,00 4,00 4,00 &#8211; &#8211; &#8211; &#8211; &#8211; &#8211; &#8211; &#8211; 83,00 &#8211; Max 6,00 6,00 6,00 0,30 2,00 0,01 0,10 0,01 0,20 [&hellip;]<\/p>\n","protected":false},"author":1,"featured_media":2764,"parent":0,"menu_order":0,"comment_status":"closed","ping_status":"closed","template":"elementor_header_footer","meta":{"footnotes":""},"class_list":["post-2793","page","type-page","status-publish","has-post-thumbnail","hentry"],"_links":{"self":[{"href":"https:\/\/www.fonderiaboa.it\/fr\/wp-json\/wp\/v2\/pages\/2793","targetHints":{"allow":["GET"]}}],"collection":[{"href":"https:\/\/www.fonderiaboa.it\/fr\/wp-json\/wp\/v2\/pages"}],"about":[{"href":"https:\/\/www.fonderiaboa.it\/fr\/wp-json\/wp\/v2\/types\/page"}],"author":[{"embeddable":true,"href":"https:\/\/www.fonderiaboa.it\/fr\/wp-json\/wp\/v2\/users\/1"}],"replies":[{"embeddable":true,"href":"https:\/\/www.fonderiaboa.it\/fr\/wp-json\/wp\/v2\/comments?post=2793"}],"version-history":[{"count":4,"href":"https:\/\/www.fonderiaboa.it\/fr\/wp-json\/wp\/v2\/pages\/2793\/revisions"}],"predecessor-version":[{"id":2852,"href":"https:\/\/www.fonderiaboa.it\/fr\/wp-json\/wp\/v2\/pages\/2793\/revisions\/2852"}],"wp:featuredmedia":[{"embeddable":true,"href":"https:\/\/www.fonderiaboa.it\/fr\/wp-json\/wp\/v2\/media\/2764"}],"wp:attachment":[{"href":"https:\/\/www.fonderiaboa.it\/fr\/wp-json\/wp\/v2\/media?parent=2793"}],"curies":[{"name":"wp","href":"https:\/\/api.w.org\/{rel}","templated":true}]}}